{"id":3467,"date":"2025-03-26T17:42:46","date_gmt":"2025-03-26T17:42:46","guid":{"rendered":"https:\/\/www.quadromed.com\/product\/ergoselect-200-velo-ergometre\/"},"modified":"2026-04-29T17:36:36","modified_gmt":"2026-04-29T17:36:36","slug":"ergoselect-200-velo-ergometre","status":"publish","type":"product","link":"https:\/\/www.quadromed.com\/fr\/produit\/ergoselect-200-velo-ergometre\/","title":{"rendered":"Ergoselect 200 &#8211; V\u00e9lo ergom\u00e8tre"},"content":{"rendered":"<div class=\"zw-paragraph\" data-width=\"624\" data-textformat=\"{&quot;size&quot;:10}\">\n<div class=\"zw-line-div\">\n<div class=\"zw-line-content\"><span class=\"zw-portion zw-text-portion\" data-text-len=\"104\">L\u2019ergoselect\u00a0200\u00a0est\u00a0un\u00a0ergom\u00e8tre\u00a0robuste\u00a0et\u00a0performant\u00a0adapt\u00e9\u00a0\u00e0\u00a0une\u00a0utilisation\u00a0m\u00e9dicale\u00a0continue\u00a0\u00e0\u00a0des<\/span><span class=\"zw-portion zw-text-portion\" data-text-len=\"1\">\u00a0<\/span><\/div>\n<\/div>\n<div class=\"zw-line-div\">\n<div class=\"zw-line-content\"><span class=\"zw-portion zw-text-portion\" data-text-len=\"105\">charges\u00a0\u00e9lev\u00e9es.\u00a0Il\u00a0fournit\u00a0un\u00a0entra\u00eenement\u00a0pr\u00e9cis\u00a0contr\u00f4l\u00e9\u00a0par\u00a0la\u00a0fr\u00e9quence\u00a0cardiaque\u00a0et\u00a0prend\u00a0en\u00a0charge<\/span><span class=\"zw-portion zw-text-portion\" data-text-len=\"1\">\u00a0<\/span><\/div>\n<\/div>\n<div class=\"zw-line-div\">\n<div class=\"zw-line-content\"><span class=\"zw-portion zw-text-portion\" data-text-len=\"38\">la\u00a0connexion\u00a0avec\u00a0divers\u00a0syst\u00e8mes\u00a0ECG.<\/span><span class=\"EOP-readonly EOP\">\u00a0<\/span><\/div>\n<\/div>\n<\/div>\n<div class=\"zw-paragraph\" data-width=\"624\" data-textformat=\"{&quot;size&quot;:12}\">\n<div class=\"zw-line-div\">\n<div class=\"zw-line-content\"><span class=\"zw-portion zw-text-portion char_sty211\" data-text-len=\"21\">Caract\u00e9ristiques\u00a0cl\u00e9s<\/span><span class=\"EOP-readonly EOP\">\u00a0<\/span><\/div>\n<\/div>\n<\/div>\n<div class=\"zw-paragraph\" data-width=\"624\" data-textformat=\"{&quot;size&quot;:10}\">\n<div class=\"zw-line-div\">\n<div class=\"zw-line-content\"><span class=\"zw-bullet zw-bullet-unorder-list\">\u25cf<\/span><span class=\"zw-portion zw-text-portion\" data-text-len=\"64\">Construction\u00a0m\u00e9canique\u00a0durable\u00a0pour\u00a0une\u00a0utilisation\u00a0\u00e0\u00a0long\u00a0terme<\/span><span class=\"EOP-readonly EOP\">\u00a0<\/span><\/div>\n<\/div>\n<\/div>\n<div class=\"zw-paragraph\" data-width=\"624\" data-textformat=\"{&quot;size&quot;:10}\">\n<div class=\"zw-line-div\">\n<div class=\"zw-line-content\"><span class=\"zw-bullet zw-bullet-unorder-list\">\u25cf<\/span><span class=\"zw-portion zw-text-portion\" data-text-len=\"78\">Mesure\u00a0automatique\u00a0de\u00a0la\u00a0pression\u00a0art\u00e9rielle\u00a0et\u00a0de\u00a0l\u2019oxym\u00e9trie\u00a0de\u00a0pouls\u00a0(SpO\u2082)<\/span><span class=\"EOP-readonly EOP\">\u00a0<\/span><\/div>\n<\/div>\n<\/div>\n<div class=\"zw-paragraph\" data-width=\"624\" data-textformat=\"{&quot;size&quot;:10}\">\n<div class=\"zw-line-div\">\n<div class=\"zw-line-content\"><span class=\"zw-bullet zw-bullet-unorder-list\">\u25cf<\/span><span class=\"zw-portion zw-text-portion\" data-text-len=\"40\">Hauteur\u00a0de\u00a0selle\u00a0r\u00e9glable\u00a0\u00e9lectriquement<\/span><span class=\"EOP-readonly EOP\">\u00a0<\/span><\/div>\n<\/div>\n<\/div>\n<div class=\"zw-paragraph\" data-width=\"624\" data-textformat=\"{&quot;size&quot;:10}\">\n<div class=\"zw-line-div\">\n<div class=\"zw-line-content\"><span class=\"zw-bullet zw-bullet-unorder-list\">\u25cf<\/span><span class=\"zw-portion zw-text-portion\" data-text-len=\"30\">R\u00e9glage\u00a0horizontal\u00a0de\u00a0la\u00a0selle<\/span><span class=\"EOP-readonly EOP\">\u00a0<\/span><\/div>\n<\/div>\n<\/div>\n<div class=\"zw-paragraph\" data-width=\"624\" data-textformat=\"{&quot;size&quot;:10}\">\n<div class=\"zw-line-div\">\n<div class=\"zw-line-content\"><span class=\"zw-bullet zw-bullet-unorder-list\">\u25cf<\/span><span class=\"zw-portion zw-text-portion\" data-text-len=\"30\">Longueur\u00a0de\u00a0la\u00a0p\u00e9dale\u00a0r\u00e9glable<\/span><span class=\"EOP-readonly EOP\">\u00a0<\/span><\/div>\n<\/div>\n<\/div>\n<div class=\"zw-paragraph\" data-width=\"624\" data-textformat=\"{&quot;size&quot;:10}\">\n<div class=\"zw-line-div\">\n<div class=\"zw-line-content\"><span class=\"zw-bullet zw-bullet-unorder-list\">\u25cf<\/span><span class=\"zw-portion zw-text-portion\" data-text-len=\"40\">Guidon\u00a0r\u00e9glable\u00a0(hauteur\u00a0et\u00a0inclinaison)<\/span><span class=\"EOP-readonly EOP\">\u00a0<\/span><\/div>\n<\/div>\n<\/div>\n<div class=\"zw-paragraph\" data-width=\"624\" data-textformat=\"{&quot;size&quot;:10}\">\n<div class=\"zw-line-div\">\n<div class=\"zw-line-content\"><span class=\"zw-bullet zw-bullet-unorder-list\">\u25cf<\/span><span class=\"zw-portion zw-text-portion\" data-text-len=\"49\">Un\u00a0guidon\u00a0de\u00a0triathlon\u00a0en\u00a0alternative\u00a0(en\u00a0option)<\/span><span class=\"EOP-readonly EOP\">\u00a0<\/span><\/div>\n<\/div>\n<\/div>\n<div class=\"zw-paragraph\" data-width=\"624\" data-textformat=\"{&quot;size&quot;:10}\">\n<div class=\"zw-line-div\">\n<div class=\"zw-line-content\"><span class=\"zw-bullet zw-bullet-unorder-list\">\u25cf<\/span><span class=\"zw-portion zw-text-portion\" data-text-len=\"39\">Ergom\u00e9trie\u00a0enfant\u00a0et\u00a0diagnostic\u00a0sportif<\/span><span class=\"EOP-readonly EOP\">\u00a0<\/span><\/div>\n<\/div>\n<\/div>\n<div class=\"zw-paragraph\" data-width=\"624\" data-textformat=\"{&quot;size&quot;:12}\">\n<div class=\"zw-line-div\">\n<div class=\"zw-line-content\"><span class=\"zw-bullet zw-bullet-unorder-list\">\u25cf<\/span><span class=\"zw-portion zw-text-portion\" data-text-len=\"98\">Interfaces\u00a0:\u00a0interface\u00a0standard\u00a0RS-232\u00a0et\u00a0USB,\u00a0connexions\u00a0analogiques\u00a0et\u00a0sans\u00a0fil\u00a0via\u00a0Bluetooth\u00a0ou<\/span><span class=\"zw-portion zw-text-portion\" data-text-len=\"1\">\u00a0<\/span><\/div>\n<\/div>\n<div class=\"zw-line-div\">\n<div class=\"zw-line-content\"><span class=\"zw-portion zw-text-portion\" data-text-len=\"5\">WLAN.<\/span><span class=\"zw-portion zw-br-portion\" data-text-len=\"1\">\u200b<\/span><\/div>\n<\/div>\n<div class=\"zw-line-div\">\n<div class=\"zw-line-content\"><span class=\"EOP-readonly EOP\">\u00a0<\/span><\/div>\n<\/div>\n<\/div>\n<div class=\"zw-paragraph\" data-width=\"624\" data-textformat=\"{&quot;size&quot;:12}\">\n<div class=\"zw-line-div\">\n<div class=\"zw-line-content\"><span class=\"zw-portion zeroSize\" data-text-len=\"1\"><img id=\"toc_0\" class=\"spacer zw-range-start bookmark\" data-bookmark-name=\"_Tocgcvt6l7rgsus\" \/><\/span><span class=\"zw-portion zw-text-portion char_sty211\" data-text-len=\"25\">Sp\u00e9cifications\u00a0techniques<\/span><span class=\"zw-portion zeroSize\" data-text-len=\"1\"><img class=\"spacer zw-range-end noprint\" \/><\/span><span class=\"EOP-readonly EOP\">\u00a0<\/span><\/div>\n<\/div>\n<\/div>\n<div class=\"zw-paragraph\" data-width=\"624\" data-textformat=\"{&quot;size&quot;:10}\">\n<div class=\"zw-line-div\">\n<div class=\"zw-line-content\"><span class=\"zw-bullet zw-bullet-unorder-list\">\u27a4<\/span><span class=\"zw-portion zw-text-portion\" data-text-len=\"60\">Plage\u00a0de\u00a0charge\u00a0:\u00a06\u00a0&#8211;\u00a01000\u00a0watts\u00a0(ind\u00e9pendant\u00a0de\u00a0la\u00a0vitesse)<\/span><span class=\"EOP-readonly EOP\">\u00a0<\/span><\/div>\n<\/div>\n<\/div>\n<div class=\"zw-paragraph\" data-width=\"624\" data-textformat=\"{&quot;size&quot;:10}\">\n<div class=\"zw-line-div\">\n<div class=\"zw-line-content\"><span class=\"zw-bullet zw-bullet-unorder-list\">\u27a4<\/span><span class=\"zw-portion zw-text-portion\" data-text-len=\"34\">Plage\u00a0de\u00a0vitesse\u00a0:\u00a030\u00a0&#8211;\u00a0130\u00a0tr\/min<\/span><span class=\"EOP-readonly EOP\">\u00a0<\/span><\/div>\n<\/div>\n<\/div>\n<div class=\"zw-paragraph\" data-width=\"624\" data-textformat=\"{&quot;size&quot;:10}\">\n<div class=\"zw-line-div\">\n<div class=\"zw-line-content\"><span class=\"zw-bullet zw-bullet-unorder-list\">\u27a4<\/span><span class=\"zw-portion zw-text-portion\" data-text-len=\"57\">R\u00e9glage\u00a0du\u00a0guidon\u00a0:\u00a0inclinaison\u00a0\u00e0\u00a0360\u00b0,\u00a0hauteur\u00a090-126\u00a0cm<\/span><span class=\"EOP-readonly EOP\">\u00a0<\/span><\/div>\n<\/div>\n<\/div>\n<div class=\"zw-paragraph\" data-width=\"624\" data-textformat=\"{&quot;size&quot;:10}\">\n<div class=\"zw-line-div\">\n<div class=\"zw-line-content\"><span class=\"zw-bullet zw-bullet-unorder-list\">\u27a4<\/span><span class=\"zw-portion zw-text-portion\" data-text-len=\"45\">R\u00e9glage\u00a0de\u00a0la\u00a0selle\u00a0:\u00a0R\u00e9glable\u00a0\u00e9lectriquement<\/span><span class=\"EOP-readonly EOP\">\u00a0<\/span><\/div>\n<\/div>\n<\/div>\n<div class=\"zw-paragraph\" data-width=\"624\" data-textformat=\"{&quot;size&quot;:10}\">\n<div class=\"zw-line-div\">\n<div class=\"zw-line-content\"><span class=\"zw-bullet zw-bullet-unorder-list\">\u27a4<\/span><span class=\"zw-portion zw-text-portion\" data-text-len=\"33\">Poids\u00a0maximum\u00a0du\u00a0patient\u00a0:\u00a0200\u00a0kg<\/span><span class=\"EOP-readonly EOP\">\u00a0<\/span><\/div>\n<\/div>\n<\/div>\n<div class=\"zw-paragraph\" data-width=\"624\" data-textformat=\"{&quot;size&quot;:10}\">\n<div class=\"zw-line-div\">\n<div class=\"zw-line-content\"><span class=\"zw-bullet zw-bullet-unorder-list\">\u27a4<\/span><span class=\"zw-portion zw-text-portion\" data-text-len=\"77\">Programmes\u00a0de\u00a0test\u00a0de\u00a0r\u00e9sistance\u00a0:\u00a010\u00a0d\u00e9finis\u00a0par\u00a0l\u2019utilisateur,\u00a05\u00a0pr\u00e9d\u00e9finis<\/span><span class=\"EOP-readonly EOP\">\u00a0<\/span><\/div>\n<\/div>\n<\/div>\n<div class=\"zw-paragraph\" data-width=\"624\" data-textformat=\"{&quot;size&quot;:10}\">\n<div class=\"zw-line-div\">\n<div class=\"zw-line-content\"><span class=\"zw-bullet zw-bullet-unorder-list\">\u27a4<\/span><span class=\"zw-portion zw-text-portion\" data-text-len=\"92\">Programmes\u00a0d\u2019entra\u00eenement\u00a0:\u00a0Entra\u00eenement\u00a0\u00e0\u00a0l\u2019\u00e9tat\u00a0d\u2019\u00e9quilibre\u00a0du\u00a0pouls\u00a0(en\u00a0option),\u00a0tests\u00a0de<\/span><span class=\"zw-portion zw-text-portion\" data-text-len=\"1\">\u00a0<\/span><\/div>\n<\/div>\n<div class=\"zw-line-div\">\n<div class=\"zw-line-content\"><span class=\"zw-portion zw-text-portion\" data-text-len=\"41\">condition\u00a0physique\u00a0pr\u00e9d\u00e9finis\u00a0(en\u00a0option)<\/span><span class=\"EOP-readonly EOP\">\u00a0<\/span><\/div>\n<\/div>\n<\/div>\n<div class=\"zw-paragraph\" data-width=\"624\" data-textformat=\"{&quot;size&quot;:12}\">\n<div class=\"zw-line-div\">\n<div class=\"zw-line-content\"><span class=\"EOP-readonly EOP\">\u00a0<\/span><\/div>\n<\/div>\n<\/div>\n","protected":false},"excerpt":{"rendered":"<div class=\"zw-line-div\">\n<div class=\"zw-line-content\"><span class=\"zw-portion zw-text-portion\" data-text-len=\"104\">L\u2019ergoselect\u00a0200\u00a0est\u00a0un\u00a0ergom\u00e8tre\u00a0robuste\u00a0et\u00a0performant\u00a0adapt\u00e9\u00a0\u00e0\u00a0une\u00a0utilisation\u00a0m\u00e9dicale\u00a0continue\u00a0\u00e0\u00a0des<\/span><span class=\"zw-portion zw-text-portion\" data-text-len=\"1\">\u00a0<\/span><\/div>\n<\/div>\n<div class=\"zw-line-div\">\n<div class=\"zw-line-content\"><span class=\"zw-portion zw-text-portion\" data-text-len=\"105\">charges\u00a0\u00e9lev\u00e9es.\u00a0Il\u00a0fournit\u00a0un\u00a0entra\u00eenement\u00a0pr\u00e9cis\u00a0contr\u00f4l\u00e9\u00a0par\u00a0la\u00a0fr\u00e9quence\u00a0cardiaque\u00a0et\u00a0prend\u00a0en\u00a0charge<\/span><span class=\"zw-portion zw-text-portion\" data-text-len=\"1\">\u00a0<\/span><\/div>\n<\/div>\n<div class=\"zw-line-div\">\n<div class=\"zw-line-content\"><span class=\"zw-portion zw-text-portion\" data-text-len=\"38\">la\u00a0connexion\u00a0avec\u00a0divers\u00a0syst\u00e8mes\u00a0ECG.<\/span><span class=\"EOP-readonly EOP\">\u00a0<\/span><\/div>\n<\/div>\n","protected":false},"featured_media":3363,"comment_status":"open","ping_status":"closed","template":"","meta":[],"product_brand":[],"product_cat":[18,88,103,98],"product_tag":[110,77],"class_list":{"0":"post-3467","1":"product","2":"type-product","3":"status-publish","4":"has-post-thumbnail","6":"product_cat-all-products","7":"product_cat-metabolic","8":"product_cat-metabolique","9":"product_cat-tous-les-produits","10":"product_tag-ergometers","13":"first","14":"instock","15":"virtual","16":"purchasable","17":"product-type-simple"},"yoast_head":"<!-- This site is optimized with the Yoast SEO plugin v27.4 - https:\/\/yoast.com\/product\/yoast-seo-wordpress\/ -->\n<title>Ergoselect 200 \u2013 Ergom\u00e8tre m\u00e9dical \u00e0 v\u00e9lo<\/title>\n<meta name=\"description\" content=\"Ergom\u00e8tre m\u00e9dical \u00e0 v\u00e9lo \u00e0 frein \u00e9lectronique pour les \u00e9preuves d&#039;effort cardiaque et la r\u00e9adaptation. Offre un contr\u00f4le pr\u00e9cis de la charge de travail pour les protocoles cliniques.\" \/>\n<meta name=\"robots\" content=\"index, follow, max-snippet:-1, max-image-preview:large, max-video-preview:-1\" \/>\n<link rel=\"canonical\" href=\"https:\/\/www.quadromed.com\/product\/ergoselect-200-bike-ergometer\/\" \/>\n<meta property=\"og:locale\" content=\"fr_FR\" \/>\n<meta property=\"og:type\" content=\"article\" \/>\n<meta property=\"og:title\" content=\"Ergoselect 200 \u2013 Ergom\u00e8tre m\u00e9dical \u00e0 v\u00e9lo\" \/>\n<meta property=\"og:description\" content=\"Ergom\u00e8tre m\u00e9dical \u00e0 v\u00e9lo \u00e0 frein \u00e9lectronique pour les \u00e9preuves d&#039;effort cardiaque et la r\u00e9adaptation. Offre un contr\u00f4le pr\u00e9cis de la charge de travail pour les protocoles cliniques.\" \/>\n<meta property=\"og:url\" content=\"https:\/\/www.quadromed.com\/product\/ergoselect-200-bike-ergometer\/\" \/>\n<meta property=\"og:site_name\" content=\"Quadromed\" \/>\n<meta property=\"article:modified_time\" content=\"2026-04-29T17:36:36+00:00\" \/>\n<meta property=\"og:image\" content=\"https:\/\/www.quadromed.com\/wp-content\/uploads\/2025\/03\/Ergoselect-200-Bike-Ergometer.png\" \/>\n\t<meta property=\"og:image:width\" content=\"600\" \/>\n\t<meta property=\"og:image:height\" content=\"600\" \/>\n\t<meta property=\"og:image:type\" content=\"image\/png\" \/>\n<meta name=\"twitter:card\" content=\"summary_large_image\" \/>\n<meta name=\"twitter:label1\" content=\"Dur\u00e9e de lecture estim\u00e9e\" \/>\n\t<meta name=\"twitter:data1\" content=\"1 minute\" \/>\n<script type=\"application\/ld+json\" class=\"yoast-schema-graph\">{\"@context\":\"https:\\\/\\\/schema.org\",\"@graph\":[{\"@type\":\"WebPage\",\"@id\":\"https:\\\/\\\/www.quadromed.com\\\/product\\\/ergoselect-200-bike-ergometer\\\/\",\"url\":\"https:\\\/\\\/www.quadromed.com\\\/product\\\/ergoselect-200-bike-ergometer\\\/\",\"name\":\"Ergoselect 200 \u2013 Ergom\u00e8tre m\u00e9dical \u00e0 v\u00e9lo\",\"isPartOf\":{\"@id\":\"https:\\\/\\\/www.quadromed.com\\\/#website\"},\"primaryImageOfPage\":{\"@id\":\"https:\\\/\\\/www.quadromed.com\\\/product\\\/ergoselect-200-bike-ergometer\\\/#primaryimage\"},\"image\":{\"@id\":\"https:\\\/\\\/www.quadromed.com\\\/product\\\/ergoselect-200-bike-ergometer\\\/#primaryimage\"},\"thumbnailUrl\":\"https:\\\/\\\/www.quadromed.com\\\/wp-content\\\/uploads\\\/2025\\\/03\\\/Ergoselect-200-Bike-Ergometer.png\",\"datePublished\":\"2025-03-26T17:42:46+00:00\",\"dateModified\":\"2026-04-29T17:36:36+00:00\",\"description\":\"Ergom\u00e8tre m\u00e9dical \u00e0 v\u00e9lo \u00e0 frein \u00e9lectronique pour les \u00e9preuves d'effort cardiaque et la r\u00e9adaptation. Offre un contr\u00f4le pr\u00e9cis de la charge de travail pour les protocoles cliniques.\",\"breadcrumb\":{\"@id\":\"https:\\\/\\\/www.quadromed.com\\\/product\\\/ergoselect-200-bike-ergometer\\\/#breadcrumb\"},\"inLanguage\":\"fr-FR\",\"potentialAction\":[{\"@type\":\"ReadAction\",\"target\":[\"https:\\\/\\\/www.quadromed.com\\\/product\\\/ergoselect-200-bike-ergometer\\\/\"]}]},{\"@type\":\"ImageObject\",\"inLanguage\":\"fr-FR\",\"@id\":\"https:\\\/\\\/www.quadromed.com\\\/product\\\/ergoselect-200-bike-ergometer\\\/#primaryimage\",\"url\":\"https:\\\/\\\/www.quadromed.com\\\/wp-content\\\/uploads\\\/2025\\\/03\\\/Ergoselect-200-Bike-Ergometer.png\",\"contentUrl\":\"https:\\\/\\\/www.quadromed.com\\\/wp-content\\\/uploads\\\/2025\\\/03\\\/Ergoselect-200-Bike-Ergometer.png\",\"width\":600,\"height\":600,\"caption\":\"Ergoselect 200 - Bike Ergometer\"},{\"@type\":\"BreadcrumbList\",\"@id\":\"https:\\\/\\\/www.quadromed.com\\\/product\\\/ergoselect-200-bike-ergometer\\\/#breadcrumb\",\"itemListElement\":[{\"@type\":\"ListItem\",\"position\":1,\"name\":\"Home\",\"item\":\"https:\\\/\\\/www.quadromed.com\\\/\"},{\"@type\":\"ListItem\",\"position\":2,\"name\":\"Boutique\",\"item\":\"https:\\\/\\\/www.quadromed.com\\\/fr\\\/boutique\\\/\"},{\"@type\":\"ListItem\",\"position\":3,\"name\":\"Ergoselect 200 &#8211; V\u00e9lo ergom\u00e8tre\"}]},{\"@type\":\"WebSite\",\"@id\":\"https:\\\/\\\/www.quadromed.com\\\/#website\",\"url\":\"https:\\\/\\\/www.quadromed.com\\\/\",\"name\":\"Quadromed\",\"description\":\"\",\"potentialAction\":[{\"@type\":\"SearchAction\",\"target\":{\"@type\":\"EntryPoint\",\"urlTemplate\":\"https:\\\/\\\/www.quadromed.com\\\/?s={search_term_string}\"},\"query-input\":{\"@type\":\"PropertyValueSpecification\",\"valueRequired\":true,\"valueName\":\"search_term_string\"}}],\"inLanguage\":\"fr-FR\"}]}<\/script>\n<!-- \/ Yoast SEO plugin. -->","yoast_head_json":{"title":"Ergoselect 200 \u2013 Ergom\u00e8tre m\u00e9dical \u00e0 v\u00e9lo","description":"Ergom\u00e8tre m\u00e9dical \u00e0 v\u00e9lo \u00e0 frein \u00e9lectronique pour les \u00e9preuves d'effort cardiaque et la r\u00e9adaptation. Offre un contr\u00f4le pr\u00e9cis de la charge de travail pour les protocoles cliniques.","robots":{"index":"index","follow":"follow","max-snippet":"max-snippet:-1","max-image-preview":"max-image-preview:large","max-video-preview":"max-video-preview:-1"},"canonical":"https:\/\/www.quadromed.com\/product\/ergoselect-200-bike-ergometer\/","og_locale":"fr_FR","og_type":"article","og_title":"Ergoselect 200 \u2013 Ergom\u00e8tre m\u00e9dical \u00e0 v\u00e9lo","og_description":"Ergom\u00e8tre m\u00e9dical \u00e0 v\u00e9lo \u00e0 frein \u00e9lectronique pour les \u00e9preuves d'effort cardiaque et la r\u00e9adaptation. Offre un contr\u00f4le pr\u00e9cis de la charge de travail pour les protocoles cliniques.","og_url":"https:\/\/www.quadromed.com\/product\/ergoselect-200-bike-ergometer\/","og_site_name":"Quadromed","article_modified_time":"2026-04-29T17:36:36+00:00","og_image":[{"width":600,"height":600,"url":"https:\/\/www.quadromed.com\/wp-content\/uploads\/2025\/03\/Ergoselect-200-Bike-Ergometer.png","type":"image\/png"}],"twitter_card":"summary_large_image","twitter_misc":{"Dur\u00e9e de lecture estim\u00e9e":"1 minute"},"schema":{"@context":"https:\/\/schema.org","@graph":[{"@type":"WebPage","@id":"https:\/\/www.quadromed.com\/product\/ergoselect-200-bike-ergometer\/","url":"https:\/\/www.quadromed.com\/product\/ergoselect-200-bike-ergometer\/","name":"Ergoselect 200 \u2013 Ergom\u00e8tre m\u00e9dical \u00e0 v\u00e9lo","isPartOf":{"@id":"https:\/\/www.quadromed.com\/#website"},"primaryImageOfPage":{"@id":"https:\/\/www.quadromed.com\/product\/ergoselect-200-bike-ergometer\/#primaryimage"},"image":{"@id":"https:\/\/www.quadromed.com\/product\/ergoselect-200-bike-ergometer\/#primaryimage"},"thumbnailUrl":"https:\/\/www.quadromed.com\/wp-content\/uploads\/2025\/03\/Ergoselect-200-Bike-Ergometer.png","datePublished":"2025-03-26T17:42:46+00:00","dateModified":"2026-04-29T17:36:36+00:00","description":"Ergom\u00e8tre m\u00e9dical \u00e0 v\u00e9lo \u00e0 frein \u00e9lectronique pour les \u00e9preuves d'effort cardiaque et la r\u00e9adaptation. Offre un contr\u00f4le pr\u00e9cis de la charge de travail pour les protocoles cliniques.","breadcrumb":{"@id":"https:\/\/www.quadromed.com\/product\/ergoselect-200-bike-ergometer\/#breadcrumb"},"inLanguage":"fr-FR","potentialAction":[{"@type":"ReadAction","target":["https:\/\/www.quadromed.com\/product\/ergoselect-200-bike-ergometer\/"]}]},{"@type":"ImageObject","inLanguage":"fr-FR","@id":"https:\/\/www.quadromed.com\/product\/ergoselect-200-bike-ergometer\/#primaryimage","url":"https:\/\/www.quadromed.com\/wp-content\/uploads\/2025\/03\/Ergoselect-200-Bike-Ergometer.png","contentUrl":"https:\/\/www.quadromed.com\/wp-content\/uploads\/2025\/03\/Ergoselect-200-Bike-Ergometer.png","width":600,"height":600,"caption":"Ergoselect 200 - Bike Ergometer"},{"@type":"BreadcrumbList","@id":"https:\/\/www.quadromed.com\/product\/ergoselect-200-bike-ergometer\/#breadcrumb","itemListElement":[{"@type":"ListItem","position":1,"name":"Home","item":"https:\/\/www.quadromed.com\/"},{"@type":"ListItem","position":2,"name":"Boutique","item":"https:\/\/www.quadromed.com\/fr\/boutique\/"},{"@type":"ListItem","position":3,"name":"Ergoselect 200 &#8211; V\u00e9lo ergom\u00e8tre"}]},{"@type":"WebSite","@id":"https:\/\/www.quadromed.com\/#website","url":"https:\/\/www.quadromed.com\/","name":"Quadromed","description":"","potentialAction":[{"@type":"SearchAction","target":{"@type":"EntryPoint","urlTemplate":"https:\/\/www.quadromed.com\/?s={search_term_string}"},"query-input":{"@type":"PropertyValueSpecification","valueRequired":true,"valueName":"search_term_string"}}],"inLanguage":"fr-FR"}]}},"_links":{"self":[{"href":"https:\/\/www.quadromed.com\/fr\/wp-json\/wp\/v2\/product\/3467","targetHints":{"allow":["GET"]}}],"collection":[{"href":"https:\/\/www.quadromed.com\/fr\/wp-json\/wp\/v2\/product"}],"about":[{"href":"https:\/\/www.quadromed.com\/fr\/wp-json\/wp\/v2\/types\/product"}],"replies":[{"embeddable":true,"href":"https:\/\/www.quadromed.com\/fr\/wp-json\/wp\/v2\/comments?post=3467"}],"wp:featuredmedia":[{"embeddable":true,"href":"https:\/\/www.quadromed.com\/fr\/wp-json\/wp\/v2\/media\/3363"}],"wp:attachment":[{"href":"https:\/\/www.quadromed.com\/fr\/wp-json\/wp\/v2\/media?parent=3467"}],"wp:term":[{"taxonomy":"product_brand","embeddable":true,"href":"https:\/\/www.quadromed.com\/fr\/wp-json\/wp\/v2\/product_brand?post=3467"},{"taxonomy":"product_cat","embeddable":true,"href":"https:\/\/www.quadromed.com\/fr\/wp-json\/wp\/v2\/product_cat?post=3467"},{"taxonomy":"product_tag","embeddable":true,"href":"https:\/\/www.quadromed.com\/fr\/wp-json\/wp\/v2\/product_tag?post=3467"}],"curies":[{"name":"wp","href":"https:\/\/api.w.org\/{rel}","templated":true}]}}