{"id":3459,"date":"2025-03-15T17:25:27","date_gmt":"2025-03-15T17:25:27","guid":{"rendered":"https:\/\/www.quadromed.com\/product\/metalyzer-3b-avec-option-batterie\/"},"modified":"2025-12-01T20:44:01","modified_gmt":"2025-12-01T20:44:01","slug":"metalyzer-3b-avec-option-batterie","status":"publish","type":"product","link":"https:\/\/www.quadromed.com\/fr\/produit\/metalyzer-3b-avec-option-batterie\/","title":{"rendered":"MetaLyzer\u00ae 3B avec option batterie"},"content":{"rendered":"<div class=\"zw-paragraph\" data-width=\"624\" data-textformat=\"{&quot;size&quot;:12}\">\n<div class=\"zw-line-div\">\n<div class=\"zw-line-content\"><span class=\"zw-portion zw-text-portion\" data-text-len=\"34\">MetaLyzer\u00ae&nbsp;3B&nbsp;avec&nbsp;option&nbsp;batterie<\/span><span class=\"zw-portion zw-text-portion\" data-text-len=\"56\">&nbsp;:&nbsp;Dispose&nbsp;d\u2019une&nbsp;batterie&nbsp;int\u00e9gr\u00e9e&nbsp;offrant&nbsp;une&nbsp;autonomie<\/span><span class=\"zw-portion zw-text-portion\" data-text-len=\"1\">&nbsp;<\/span><\/div>\n<\/div>\n<div class=\"zw-line-div\">\n<div class=\"zw-line-content\"><span class=\"zw-portion zw-text-portion\" data-text-len=\"91\">de&nbsp;12&nbsp;heures,&nbsp;ce&nbsp;qui&nbsp;en&nbsp;fait&nbsp;un&nbsp;appareil&nbsp;semi-mobile&nbsp;pour&nbsp;les&nbsp;tests&nbsp;de&nbsp;performance&nbsp;dans&nbsp;des<\/span><span class=\"zw-portion zw-text-portion\" data-text-len=\"1\">&nbsp;<\/span><\/div>\n<\/div>\n<div class=\"zw-line-div\">\n<div class=\"zw-line-content\"><span class=\"zw-portion zw-text-portion\" data-text-len=\"36\">endroits&nbsp;sans&nbsp;acc\u00e8s&nbsp;\u00e0&nbsp;l\u2019\u00e9lectricit\u00e9.<\/span><span class=\"EOP-readonly EOP\">&nbsp;<\/span><\/div>\n<\/div>\n<\/div>\n<div class=\"zw-paragraph\" data-width=\"624\" data-textformat=\"{&quot;size&quot;:12}\">\n<div class=\"zw-line-div\">\n<div class=\"zw-line-content\"><span class=\"zw-portion zw-br-portion\" data-text-len=\"1\">\u200b<\/span><\/div>\n<\/div>\n<div class=\"zw-line-div\">\n<div class=\"zw-line-content\"><span class=\"zw-portion zw-text-portion\" data-text-len=\"17\">M\u00e9decine&nbsp;sportive<\/span><span class=\"zw-portion zw-text-portion\" data-text-len=\"57\">&nbsp;:&nbsp;Diagnostic&nbsp;avanc\u00e9&nbsp;de&nbsp;la&nbsp;performance&nbsp;pour&nbsp;les&nbsp;athl\u00e8tes.<\/span><span class=\"zw-portion zw-br-portion\" data-text-len=\"1\">\u200b<\/span><\/div>\n<\/div>\n<div class=\"zw-line-div\">\n<div class=\"zw-line-content\"><span class=\"zw-portion zw-text-portion\" data-text-len=\"19\">M\u00e9decine&nbsp;pr\u00e9ventive<\/span><span class=\"zw-portion zw-text-portion\" data-text-len=\"74\">&nbsp;:&nbsp;Surveillance&nbsp;de&nbsp;la&nbsp;condition&nbsp;physique,&nbsp;tests&nbsp;de&nbsp;stress&nbsp;et&nbsp;programmes&nbsp;de<\/span><span class=\"zw-portion zw-text-portion\" data-text-len=\"1\">&nbsp;<\/span><\/div>\n<\/div>\n<div class=\"zw-line-div\">\n<div class=\"zw-line-content\"><span class=\"zw-portion zw-text-portion\" data-text-len=\"13\">r\u00e9adaptation.<\/span><span class=\"zw-portion zw-br-portion\" data-text-len=\"1\">\u200b<\/span><\/div>\n<\/div>\n<div class=\"zw-line-div\">\n<div class=\"zw-line-content\"><span class=\"zw-portion zw-text-portion\" data-text-len=\"28\">Utilisation&nbsp;institutionnelle<\/span><span class=\"zw-portion zw-text-portion\" data-text-len=\"64\">&nbsp;:&nbsp;H\u00f4pitaux,&nbsp;centres&nbsp;de&nbsp;recherche&nbsp;et&nbsp;\u00e9tablissements&nbsp;de&nbsp;remise&nbsp;en<\/span><span class=\"zw-portion zw-text-portion\" data-text-len=\"1\">&nbsp;<\/span><\/div>\n<\/div>\n<div class=\"zw-line-div\">\n<div class=\"zw-line-content\"><span class=\"zw-portion zw-text-portion\" data-text-len=\"6\">forme.<\/span><span class=\"EOP-readonly EOP\">&nbsp;<\/span><\/div>\n<\/div>\n<\/div>\n<div class=\"zw-paragraph\" data-width=\"624\" data-textformat=\"{&quot;size&quot;:12}\">\n<div class=\"zw-line-div\">\n<div class=\"zw-line-content\"><span class=\"zw-portion zw-text-portion\" data-text-len=\"33\">Forfait&nbsp;Performance&nbsp;MetaLyzer\u00ae&nbsp;3B<\/span><span class=\"zw-portion zw-text-portion\" data-text-len=\"52\">&nbsp;:&nbsp;Con\u00e7u&nbsp;pour&nbsp;la&nbsp;m\u00e9decine&nbsp;sportive&nbsp;et&nbsp;pr\u00e9ventive,&nbsp;ce<\/span><span class=\"zw-portion zw-text-portion\" data-text-len=\"1\">&nbsp;<\/span><\/div>\n<\/div>\n<div class=\"zw-line-div\">\n<div class=\"zw-line-content\"><span class=\"zw-portion zw-text-portion\" data-text-len=\"100\">package&nbsp;inclut&nbsp;l&rsquo;appareil&nbsp;et&nbsp;le&nbsp;logiciel,&nbsp;ainsi&nbsp;qu\u2019un&nbsp;kit&nbsp;de&nbsp;calibration,&nbsp;un&nbsp;kit&nbsp;d&rsquo;extension&nbsp;pour&nbsp;le<\/span><span class=\"zw-portion zw-text-portion\" data-text-len=\"1\">&nbsp;<\/span><\/div>\n<\/div>\n<div class=\"zw-line-div\">\n<div class=\"zw-line-content\"><span class=\"zw-portion zw-text-portion\" data-text-len=\"81\">masque&nbsp;et&nbsp;un&nbsp;stock&nbsp;\u00e9largi&nbsp;de&nbsp;consommables,&nbsp;vous&nbsp;permettant&nbsp;de&nbsp;commencer&nbsp;vos&nbsp;tests<\/span><span class=\"zw-portion zw-text-portion\" data-text-len=\"1\">&nbsp;<\/span><\/div>\n<\/div>\n<div class=\"zw-line-div\">\n<div class=\"zw-line-content\"><span class=\"zw-portion zw-text-portion\" data-text-len=\"14\">imm\u00e9diatement.<\/span><span class=\"EOP-readonly EOP\">&nbsp;<\/span><\/div>\n<\/div>\n<\/div>\n<div class=\"zw-paragraph\" data-width=\"624\" data-textformat=\"{&quot;size&quot;:12}\">\n<div class=\"zw-line-div\">\n<div class=\"zw-line-content\"><span class=\"zw-portion zw-text-portion\" data-text-len=\"30\">Forfait&nbsp;Standard&nbsp;MetaLyzer\u00ae&nbsp;3B<\/span><span class=\"zw-portion zw-text-portion\" data-text-len=\"49\">&nbsp;:&nbsp;Con\u00e7u&nbsp;pour&nbsp;divers&nbsp;domaines&nbsp;de&nbsp;diagnostic&nbsp;de&nbsp;la<\/span><span class=\"zw-portion zw-text-portion\" data-text-len=\"1\">&nbsp;<\/span><\/div>\n<\/div>\n<div class=\"zw-line-div\">\n<div class=\"zw-line-content\"><span class=\"zw-portion zw-text-portion\" data-text-len=\"94\">performance,&nbsp;le&nbsp;Standard&nbsp;Package&nbsp;inclut&nbsp;l&rsquo;appareil,&nbsp;le&nbsp;logiciel&nbsp;et&nbsp;un&nbsp;ensemble&nbsp;de&nbsp;consommables<\/span><span class=\"zw-portion zw-text-portion\" data-text-len=\"1\">&nbsp;<\/span><\/div>\n<\/div>\n<div class=\"zw-line-div\">\n<div class=\"zw-line-content\"><span class=\"zw-portion zw-text-portion\" data-text-len=\"32\">de&nbsp;base&nbsp;pour&nbsp;d\u00e9marrer&nbsp;vos&nbsp;tests.<\/span><span class=\"EOP-readonly EOP\">&nbsp;<\/span><\/div>\n<\/div>\n<\/div>\n<div class=\"zw-paragraph\" data-width=\"624\" data-textformat=\"{&quot;size&quot;:12}\">\n<div class=\"zw-line-div\">\n<div class=\"zw-line-content\"><span class=\"zw-portion zw-text-portion\" data-text-len=\"31\">Turbine&nbsp;r\u00e9utilisable&nbsp;ou&nbsp;jetable<\/span><span class=\"zw-portion zw-text-portion\" data-text-len=\"65\">&nbsp;:&nbsp;Cette&nbsp;option&nbsp;est&nbsp;disponible&nbsp;avec&nbsp;tous&nbsp;les&nbsp;packages.&nbsp;Choisissez<\/span><span class=\"zw-portion zw-text-portion\" data-text-len=\"1\">&nbsp;<\/span><\/div>\n<\/div>\n<div class=\"zw-line-div\">\n<div class=\"zw-line-content\"><span class=\"zw-portion zw-text-portion\" data-text-len=\"87\">celle&nbsp;qui&nbsp;convient&nbsp;le&nbsp;mieux&nbsp;\u00e0&nbsp;vos&nbsp;besoins&nbsp;et&nbsp;offre&nbsp;le&nbsp;plus&nbsp;de&nbsp;commodit\u00e9&nbsp;pour&nbsp;vos&nbsp;tests.<\/span><span class=\"EOP-readonly EOP\">&nbsp;<\/span><\/div>\n<\/div>\n<\/div>\n<div class=\"zw-paragraph\" data-width=\"624\" data-textformat=\"{&quot;size&quot;:12}\">\n<div class=\"zw-line-div\">\n<div class=\"zw-line-content\"><span class=\"zw-portion zw-text-portion\" data-text-len=\"12\">Connectivit\u00e9<\/span><span class=\"zw-portion zw-text-portion\" data-text-len=\"81\">&nbsp;:&nbsp;Prend&nbsp;en&nbsp;charge&nbsp;plus&nbsp;de&nbsp;40&nbsp;types&nbsp;d&rsquo;ergom\u00e8tres&nbsp;et&nbsp;de&nbsp;tapis&nbsp;roulants.&nbsp;Compatible<\/span><span class=\"zw-portion zw-text-portion\" data-text-len=\"1\">&nbsp;<\/span><\/div>\n<\/div>\n<div class=\"zw-line-div\">\n<div class=\"zw-line-content\"><span class=\"zw-portion zw-text-portion\" data-text-len=\"87\">avec&nbsp;plusieurs&nbsp;ECG&nbsp;pour&nbsp;une&nbsp;analyse&nbsp;cardiaque&nbsp;compl\u00e8te.&nbsp;Des&nbsp;dispositifs&nbsp;de&nbsp;mesure&nbsp;de&nbsp;la<\/span><span class=\"zw-portion zw-text-portion\" data-text-len=\"1\">&nbsp;<\/span><\/div>\n<\/div>\n<div class=\"zw-line-div\">\n<div class=\"zw-line-content\"><span class=\"zw-portion zw-text-portion\" data-text-len=\"52\">pression&nbsp;art\u00e9rielle&nbsp;peuvent&nbsp;\u00e9galement&nbsp;\u00eatre&nbsp;int\u00e9gr\u00e9s.<\/span><span class=\"zw-portion zw-br-portion\" data-text-len=\"1\">\u200b<\/span><\/div>\n<\/div>\n<div class=\"zw-line-div\">\n<div class=\"zw-line-content\"><span class=\"zw-portion zw-text-portion\" data-text-len=\"88\">Bluetooth\u00ae&nbsp;LE&nbsp;pour&nbsp;connecter&nbsp;des&nbsp;moniteurs&nbsp;de&nbsp;fr\u00e9quence&nbsp;cardiaque&nbsp;(HF),&nbsp;des&nbsp;oxym\u00e8tres&nbsp;de<\/span><span class=\"zw-portion zw-text-portion\" data-text-len=\"1\">&nbsp;<\/span><\/div>\n<\/div>\n<div class=\"zw-line-div\">\n<div class=\"zw-line-content\"><span class=\"zw-portion zw-text-portion\" data-text-len=\"43\">pouls&nbsp;(SpO2)&nbsp;et&nbsp;des&nbsp;compteurs&nbsp;de&nbsp;puissance.<\/span><span class=\"zw-portion zw-br-portion\" data-text-len=\"1\">\u200b<\/span><\/div>\n<\/div>\n<div class=\"zw-line-div\">\n<div class=\"zw-line-content\"><span class=\"zw-portion zw-text-portion\" data-text-len=\"54\">Int\u00e9gration&nbsp;transparente&nbsp;sur&nbsp;PC&nbsp;via&nbsp;USB&nbsp;ou&nbsp;Bluetooth\u00ae.<\/span><span class=\"EOP-readonly EOP\">&nbsp;<\/span><\/div>\n<\/div>\n<\/div>\n","protected":false},"excerpt":{"rendered":"<div class=\"zw-line-div\">\n<div class=\"zw-line-content\"><span class=\"zw-portion zw-text-portion\" data-text-len=\"56\">Dispose&nbsp;d\u2019une&nbsp;batterie&nbsp;int\u00e9gr\u00e9e&nbsp;offrant&nbsp;une&nbsp;autonomie<\/span><span class=\"zw-portion zw-text-portion\" data-text-len=\"1\">&nbsp;<\/span><\/div>\n<\/div>\n<div class=\"zw-line-div\">\n<div class=\"zw-line-content\"><span class=\"zw-portion zw-text-portion\" data-text-len=\"91\">de&nbsp;12&nbsp;heures,&nbsp;ce&nbsp;qui&nbsp;en&nbsp;fait&nbsp;un&nbsp;appareil&nbsp;semi-mobile&nbsp;pour&nbsp;les&nbsp;tests&nbsp;de&nbsp;performance&nbsp;dans&nbsp;des<\/span><span class=\"zw-portion zw-text-portion\" data-text-len=\"1\">&nbsp;<\/span><\/div>\n<\/div>\n<div class=\"zw-line-div\">\n<div class=\"zw-line-content\"><span class=\"zw-portion zw-text-portion\" data-text-len=\"36\">endroits&nbsp;sans&nbsp;acc\u00e8s&nbsp;\u00e0&nbsp;l\u2019\u00e9lectricit\u00e9.<\/span><span class=\"EOP-readonly EOP\">&nbsp;<\/span><\/div>\n<\/div>\n","protected":false},"featured_media":3409,"comment_status":"open","ping_status":"closed","template":"","meta":[],"product_brand":[],"product_cat":[18,88,103,98],"product_tag":[104,78],"class_list":{"0":"post-3459","1":"product","2":"type-product","3":"status-publish","4":"has-post-thumbnail","6":"product_cat-all-products","7":"product_cat-metabolic","8":"product_cat-metabolique","9":"product_cat-tous-les-produits","10":"product_tag-metabolic-analyser","13":"first","14":"instock","15":"virtual","16":"purchasable","17":"product-type-simple"},"yoast_head":"<!-- This site is optimized with the Yoast SEO plugin v27.4 - https:\/\/yoast.com\/product\/yoast-seo-wordpress\/ -->\n<title>MetaLyzer\u00ae 3B avec option batterie - Quadromed<\/title>\n<meta name=\"robots\" content=\"index, follow, max-snippet:-1, max-image-preview:large, max-video-preview:-1\" \/>\n<link rel=\"canonical\" href=\"https:\/\/www.quadromed.com\/product\/cortex-metalyzer-with-battery-option\/\" \/>\n<meta property=\"og:locale\" content=\"fr_FR\" \/>\n<meta property=\"og:type\" content=\"article\" \/>\n<meta property=\"og:title\" content=\"MetaLyzer\u00ae 3B avec option batterie - Quadromed\" \/>\n<meta property=\"og:description\" content=\"Dispose&nbsp;d\u2019une&nbsp;batterie&nbsp;int\u00e9gr\u00e9e&nbsp;offrant&nbsp;une&nbsp;autonomie&nbsp;de&nbsp;12&nbsp;heures,&nbsp;ce&nbsp;qui&nbsp;en&nbsp;fait&nbsp;un&nbsp;appareil&nbsp;semi-mobile&nbsp;pour&nbsp;les&nbsp;tests&nbsp;de&nbsp;performance&nbsp;dans&nbsp;des&nbsp;endroits&nbsp;sans&nbsp;acc\u00e8s&nbsp;\u00e0&nbsp;l\u2019\u00e9lectricit\u00e9.&nbsp;\" \/>\n<meta property=\"og:url\" content=\"https:\/\/www.quadromed.com\/product\/cortex-metalyzer-with-battery-option\/\" \/>\n<meta property=\"og:site_name\" content=\"Quadromed\" \/>\n<meta property=\"article:modified_time\" content=\"2025-12-01T20:44:01+00:00\" \/>\n<meta property=\"og:image\" content=\"https:\/\/www.quadromed.com\/wp-content\/uploads\/2025\/03\/Cortex-MetaLyzer\u00ae-3B.png\" \/>\n\t<meta property=\"og:image:width\" content=\"600\" \/>\n\t<meta property=\"og:image:height\" content=\"600\" \/>\n\t<meta property=\"og:image:type\" content=\"image\/png\" \/>\n<meta name=\"twitter:card\" content=\"summary_large_image\" \/>\n<meta name=\"twitter:label1\" content=\"Dur\u00e9e de lecture estim\u00e9e\" \/>\n\t<meta name=\"twitter:data1\" content=\"2 minutes\" \/>\n<script type=\"application\/ld+json\" class=\"yoast-schema-graph\">{\"@context\":\"https:\\\/\\\/schema.org\",\"@graph\":[{\"@type\":\"WebPage\",\"@id\":\"https:\\\/\\\/www.quadromed.com\\\/product\\\/cortex-metalyzer-with-battery-option\\\/\",\"url\":\"https:\\\/\\\/www.quadromed.com\\\/product\\\/cortex-metalyzer-with-battery-option\\\/\",\"name\":\"MetaLyzer\u00ae 3B avec option batterie - Quadromed\",\"isPartOf\":{\"@id\":\"https:\\\/\\\/www.quadromed.com\\\/#website\"},\"primaryImageOfPage\":{\"@id\":\"https:\\\/\\\/www.quadromed.com\\\/product\\\/cortex-metalyzer-with-battery-option\\\/#primaryimage\"},\"image\":{\"@id\":\"https:\\\/\\\/www.quadromed.com\\\/product\\\/cortex-metalyzer-with-battery-option\\\/#primaryimage\"},\"thumbnailUrl\":\"https:\\\/\\\/www.quadromed.com\\\/wp-content\\\/uploads\\\/2025\\\/03\\\/Cortex-MetaLyzer\u00ae-3B.png\",\"datePublished\":\"2025-03-15T17:25:27+00:00\",\"dateModified\":\"2025-12-01T20:44:01+00:00\",\"breadcrumb\":{\"@id\":\"https:\\\/\\\/www.quadromed.com\\\/product\\\/cortex-metalyzer-with-battery-option\\\/#breadcrumb\"},\"inLanguage\":\"fr-FR\",\"potentialAction\":[{\"@type\":\"ReadAction\",\"target\":[\"https:\\\/\\\/www.quadromed.com\\\/product\\\/cortex-metalyzer-with-battery-option\\\/\"]}]},{\"@type\":\"ImageObject\",\"inLanguage\":\"fr-FR\",\"@id\":\"https:\\\/\\\/www.quadromed.com\\\/product\\\/cortex-metalyzer-with-battery-option\\\/#primaryimage\",\"url\":\"https:\\\/\\\/www.quadromed.com\\\/wp-content\\\/uploads\\\/2025\\\/03\\\/Cortex-MetaLyzer\u00ae-3B.png\",\"contentUrl\":\"https:\\\/\\\/www.quadromed.com\\\/wp-content\\\/uploads\\\/2025\\\/03\\\/Cortex-MetaLyzer\u00ae-3B.png\",\"width\":600,\"height\":600},{\"@type\":\"BreadcrumbList\",\"@id\":\"https:\\\/\\\/www.quadromed.com\\\/product\\\/cortex-metalyzer-with-battery-option\\\/#breadcrumb\",\"itemListElement\":[{\"@type\":\"ListItem\",\"position\":1,\"name\":\"Home\",\"item\":\"https:\\\/\\\/www.quadromed.com\\\/fr\\\/\"},{\"@type\":\"ListItem\",\"position\":2,\"name\":\"Boutique\",\"item\":\"https:\\\/\\\/www.quadromed.com\\\/fr\\\/boutique\\\/\"},{\"@type\":\"ListItem\",\"position\":3,\"name\":\"MetaLyzer\u00ae 3B avec option batterie\"}]},{\"@type\":\"WebSite\",\"@id\":\"https:\\\/\\\/www.quadromed.com\\\/#website\",\"url\":\"https:\\\/\\\/www.quadromed.com\\\/\",\"name\":\"Quadromed\",\"description\":\"\",\"potentialAction\":[{\"@type\":\"SearchAction\",\"target\":{\"@type\":\"EntryPoint\",\"urlTemplate\":\"https:\\\/\\\/www.quadromed.com\\\/?s={search_term_string}\"},\"query-input\":{\"@type\":\"PropertyValueSpecification\",\"valueRequired\":true,\"valueName\":\"search_term_string\"}}],\"inLanguage\":\"fr-FR\"}]}<\/script>\n<!-- \/ Yoast SEO plugin. -->","yoast_head_json":{"title":"MetaLyzer\u00ae 3B avec option batterie - Quadromed","robots":{"index":"index","follow":"follow","max-snippet":"max-snippet:-1","max-image-preview":"max-image-preview:large","max-video-preview":"max-video-preview:-1"},"canonical":"https:\/\/www.quadromed.com\/product\/cortex-metalyzer-with-battery-option\/","og_locale":"fr_FR","og_type":"article","og_title":"MetaLyzer\u00ae 3B avec option batterie - Quadromed","og_description":"Dispose&nbsp;d\u2019une&nbsp;batterie&nbsp;int\u00e9gr\u00e9e&nbsp;offrant&nbsp;une&nbsp;autonomie&nbsp;de&nbsp;12&nbsp;heures,&nbsp;ce&nbsp;qui&nbsp;en&nbsp;fait&nbsp;un&nbsp;appareil&nbsp;semi-mobile&nbsp;pour&nbsp;les&nbsp;tests&nbsp;de&nbsp;performance&nbsp;dans&nbsp;des&nbsp;endroits&nbsp;sans&nbsp;acc\u00e8s&nbsp;\u00e0&nbsp;l\u2019\u00e9lectricit\u00e9.&nbsp;","og_url":"https:\/\/www.quadromed.com\/product\/cortex-metalyzer-with-battery-option\/","og_site_name":"Quadromed","article_modified_time":"2025-12-01T20:44:01+00:00","og_image":[{"width":600,"height":600,"url":"https:\/\/www.quadromed.com\/wp-content\/uploads\/2025\/03\/Cortex-MetaLyzer\u00ae-3B.png","type":"image\/png"}],"twitter_card":"summary_large_image","twitter_misc":{"Dur\u00e9e de lecture estim\u00e9e":"2 minutes"},"schema":{"@context":"https:\/\/schema.org","@graph":[{"@type":"WebPage","@id":"https:\/\/www.quadromed.com\/product\/cortex-metalyzer-with-battery-option\/","url":"https:\/\/www.quadromed.com\/product\/cortex-metalyzer-with-battery-option\/","name":"MetaLyzer\u00ae 3B avec option batterie - Quadromed","isPartOf":{"@id":"https:\/\/www.quadromed.com\/#website"},"primaryImageOfPage":{"@id":"https:\/\/www.quadromed.com\/product\/cortex-metalyzer-with-battery-option\/#primaryimage"},"image":{"@id":"https:\/\/www.quadromed.com\/product\/cortex-metalyzer-with-battery-option\/#primaryimage"},"thumbnailUrl":"https:\/\/www.quadromed.com\/wp-content\/uploads\/2025\/03\/Cortex-MetaLyzer\u00ae-3B.png","datePublished":"2025-03-15T17:25:27+00:00","dateModified":"2025-12-01T20:44:01+00:00","breadcrumb":{"@id":"https:\/\/www.quadromed.com\/product\/cortex-metalyzer-with-battery-option\/#breadcrumb"},"inLanguage":"fr-FR","potentialAction":[{"@type":"ReadAction","target":["https:\/\/www.quadromed.com\/product\/cortex-metalyzer-with-battery-option\/"]}]},{"@type":"ImageObject","inLanguage":"fr-FR","@id":"https:\/\/www.quadromed.com\/product\/cortex-metalyzer-with-battery-option\/#primaryimage","url":"https:\/\/www.quadromed.com\/wp-content\/uploads\/2025\/03\/Cortex-MetaLyzer\u00ae-3B.png","contentUrl":"https:\/\/www.quadromed.com\/wp-content\/uploads\/2025\/03\/Cortex-MetaLyzer\u00ae-3B.png","width":600,"height":600},{"@type":"BreadcrumbList","@id":"https:\/\/www.quadromed.com\/product\/cortex-metalyzer-with-battery-option\/#breadcrumb","itemListElement":[{"@type":"ListItem","position":1,"name":"Home","item":"https:\/\/www.quadromed.com\/fr\/"},{"@type":"ListItem","position":2,"name":"Boutique","item":"https:\/\/www.quadromed.com\/fr\/boutique\/"},{"@type":"ListItem","position":3,"name":"MetaLyzer\u00ae 3B avec option batterie"}]},{"@type":"WebSite","@id":"https:\/\/www.quadromed.com\/#website","url":"https:\/\/www.quadromed.com\/","name":"Quadromed","description":"","potentialAction":[{"@type":"SearchAction","target":{"@type":"EntryPoint","urlTemplate":"https:\/\/www.quadromed.com\/?s={search_term_string}"},"query-input":{"@type":"PropertyValueSpecification","valueRequired":true,"valueName":"search_term_string"}}],"inLanguage":"fr-FR"}]}},"_links":{"self":[{"href":"https:\/\/www.quadromed.com\/fr\/wp-json\/wp\/v2\/product\/3459","targetHints":{"allow":["GET"]}}],"collection":[{"href":"https:\/\/www.quadromed.com\/fr\/wp-json\/wp\/v2\/product"}],"about":[{"href":"https:\/\/www.quadromed.com\/fr\/wp-json\/wp\/v2\/types\/product"}],"replies":[{"embeddable":true,"href":"https:\/\/www.quadromed.com\/fr\/wp-json\/wp\/v2\/comments?post=3459"}],"wp:featuredmedia":[{"embeddable":true,"href":"https:\/\/www.quadromed.com\/fr\/wp-json\/wp\/v2\/media\/3409"}],"wp:attachment":[{"href":"https:\/\/www.quadromed.com\/fr\/wp-json\/wp\/v2\/media?parent=3459"}],"wp:term":[{"taxonomy":"product_brand","embeddable":true,"href":"https:\/\/www.quadromed.com\/fr\/wp-json\/wp\/v2\/product_brand?post=3459"},{"taxonomy":"product_cat","embeddable":true,"href":"https:\/\/www.quadromed.com\/fr\/wp-json\/wp\/v2\/product_cat?post=3459"},{"taxonomy":"product_tag","embeddable":true,"href":"https:\/\/www.quadromed.com\/fr\/wp-json\/wp\/v2\/product_tag?post=3459"}],"curies":[{"name":"wp","href":"https:\/\/api.w.org\/{rel}","templated":true}]}}