{"id":3458,"date":"2025-03-26T17:05:48","date_gmt":"2025-03-26T17:05:48","guid":{"rendered":"https:\/\/www.quadromed.com\/product\/ipa-clearview\/"},"modified":"2025-12-01T20:39:02","modified_gmt":"2025-12-01T20:39:02","slug":"ipa-clearview","status":"publish","type":"product","link":"https:\/\/www.quadromed.com\/fr\/produit\/ipa-clearview\/","title":{"rendered":"IPA clearView"},"content":{"rendered":"<div class=\"zw-paginated zw-page ui-1056-816-portrait\">\n<div class=\"zw-pagecontainer\">\n<div class=\"zw-content-wrapper\">\n<div class=\"selectableSection zw-contentpane\">\n<div>\n<div class=\"zw-column-container\">\n<div class=\"zw-column\">\n<div class=\"zw-paragraph\" data-width=\"624\" data-textformat=\"{&quot;size&quot;:12}\">\n<div class=\"zw-line-div\">\n<div class=\"zw-line-content\"><span class=\"zw-portion zw-text-portion\" data-text-len=\"3\">Le&nbsp;<\/span><span class=\"zw-portion zw-text-portion\" data-text-len=\"38\">syst\u00e8me&nbsp;de&nbsp;gestion&nbsp;du&nbsp;linge&nbsp;clearView\u2122<\/span><span class=\"zw-portion zw-text-portion\" data-text-len=\"53\">&nbsp;offre&nbsp;une&nbsp;visibilit\u00e9&nbsp;en&nbsp;temps&nbsp;r\u00e9el&nbsp;sur&nbsp;l&rsquo;utilisation<\/span><span class=\"zw-portion zw-text-portion\" data-text-len=\"1\">&nbsp;<\/span><\/div>\n<\/div>\n<div class=\"zw-line-div\">\n<div class=\"zw-line-content\"><span class=\"zw-portion zw-text-portion\" data-text-len=\"94\">des&nbsp;uniformes&nbsp;et&nbsp;du&nbsp;linge,&nbsp;permettant&nbsp;aux&nbsp;\u00e9tablissements&nbsp;de&nbsp;sant\u00e9&nbsp;d&rsquo;acc\u00e9der&nbsp;\u00e0&nbsp;des&nbsp;informations<\/span><span class=\"zw-portion zw-text-portion\" data-text-len=\"1\">&nbsp;<\/span><\/div>\n<\/div>\n<div class=\"zw-line-div\">\n<div class=\"zw-line-content\"><span class=\"zw-portion zw-text-portion\" data-text-len=\"91\">strat\u00e9giques&nbsp;pour&nbsp;optimiser&nbsp;la&nbsp;gestion&nbsp;des&nbsp;stocks.&nbsp;Avec&nbsp;clearView\u2122,&nbsp;vous&nbsp;pouvez&nbsp;g\u00e9rer&nbsp;votre<\/span><span class=\"zw-portion zw-text-portion\" data-text-len=\"1\">&nbsp;<\/span><\/div>\n<\/div>\n<div class=\"zw-line-div\">\n<div class=\"zw-line-content\"><span class=\"zw-portion zw-text-portion\" data-text-len=\"99\">inventaire&nbsp;de&nbsp;mani\u00e8re&nbsp;proactive,&nbsp;r\u00e9duire&nbsp;le&nbsp;gaspillage&nbsp;et&nbsp;am\u00e9liorer&nbsp;l&rsquo;efficacit\u00e9\u2014tout&nbsp;cela&nbsp;\u00e0&nbsp;partir<\/span><span class=\"zw-portion zw-text-portion\" data-text-len=\"1\">&nbsp;<\/span><\/div>\n<\/div>\n<div class=\"zw-line-div\">\n<div class=\"zw-line-content\"><span class=\"zw-portion zw-text-portion\" data-text-len=\"37\">d&rsquo;un&nbsp;seul&nbsp;et&nbsp;m\u00eame&nbsp;syst\u00e8me&nbsp;centralis\u00e9.<\/span><span class=\"EOP-readonly EOP\">&nbsp;<\/span><\/div>\n<\/div>\n<\/div>\n<div class=\"zw-paragraph\" data-width=\"624\" data-textformat=\"{&quot;size&quot;:12}\">\n<div class=\"zw-line-div\">\n<div class=\"zw-line-content\"><span class=\"EOP-readonly EOP\">&nbsp;<\/span><\/div>\n<\/div>\n<\/div>\n<div class=\"zw-paragraph\" data-width=\"624\" data-textformat=\"{&quot;size&quot;:12}\">\n<div class=\"zw-line-div\">\n<div class=\"zw-line-content\"><span class=\"zw-portion zw-text-portion\" data-text-len=\"42\">Principales&nbsp;fonctionnalit\u00e9s&nbsp;et&nbsp;avantages&nbsp;:<\/span><span class=\"EOP-readonly EOP\">&nbsp;<\/span><\/div>\n<\/div>\n<\/div>\n<div class=\"zw-paragraph\" data-width=\"624\" data-textformat=\"{&quot;size&quot;:12}\">\n<div class=\"zw-line-div\">\n<div class=\"zw-line-content\"><span class=\"zw-portion zw-text-portion\" data-text-len=\"1\">\u2705<\/span><span class=\"zw-portion zw-text-portion\" data-text-len=\"1\">&nbsp;<\/span><span class=\"zw-portion zw-text-portion\" data-text-len=\"36\">Suivi&nbsp;de&nbsp;l&rsquo;utilisation&nbsp;en&nbsp;temps&nbsp;r\u00e9el<\/span><span class=\"zw-portion zw-br-portion\" data-text-len=\"1\">\u200b<\/span><\/div>\n<\/div>\n<div class=\"zw-line-div\">\n<div class=\"zw-line-content\"><span class=\"zw-portion zw-text-portion\" data-text-len=\"98\">Surveillez&nbsp;l&rsquo;utilisation&nbsp;des&nbsp;uniformes&nbsp;et&nbsp;du&nbsp;linge&nbsp;en&nbsp;toute&nbsp;simplicit\u00e9&nbsp;gr\u00e2ce&nbsp;\u00e0&nbsp;des&nbsp;donn\u00e9es&nbsp;mises&nbsp;\u00e0<\/span><span class=\"zw-portion zw-text-portion\" data-text-len=\"1\">&nbsp;<\/span><\/div>\n<\/div>\n<div class=\"zw-line-div\">\n<div class=\"zw-line-content\"><span class=\"zw-portion zw-text-portion\" data-text-len=\"19\">jour&nbsp;en&nbsp;temps&nbsp;r\u00e9el.<\/span><span class=\"EOP-readonly EOP\">&nbsp;<\/span><\/div>\n<\/div>\n<\/div>\n<div class=\"zw-paragraph\" data-width=\"624\" data-textformat=\"{&quot;size&quot;:12}\">\n<div class=\"zw-line-div\">\n<div class=\"zw-line-content\"><span class=\"zw-portion zw-text-portion\" data-text-len=\"1\">\u2705<\/span><span class=\"zw-portion zw-text-portion\" data-text-len=\"1\">&nbsp;<\/span><span class=\"zw-portion zw-text-portion\" data-text-len=\"35\">Rapports&nbsp;et&nbsp;tableaux&nbsp;de&nbsp;bord&nbsp;clairs<\/span><span class=\"zw-portion zw-br-portion\" data-text-len=\"1\">\u200b<\/span><\/div>\n<\/div>\n<div class=\"zw-line-div\">\n<div class=\"zw-line-content\"><span class=\"zw-portion zw-text-portion\" data-text-len=\"95\">Acc\u00e9dez&nbsp;\u00e0&nbsp;des&nbsp;rapports&nbsp;d\u00e9taill\u00e9s&nbsp;et&nbsp;\u00e0&nbsp;des&nbsp;tableaux&nbsp;de&nbsp;bord&nbsp;intuitifs&nbsp;pour&nbsp;une&nbsp;prise&nbsp;de&nbsp;d\u00e9cision<\/span><span class=\"zw-portion zw-text-portion\" data-text-len=\"1\">&nbsp;<\/span><\/div>\n<\/div>\n<div class=\"zw-line-div\">\n<div class=\"zw-line-content\"><span class=\"zw-portion zw-text-portion\" data-text-len=\"19\">rapide&nbsp;et&nbsp;efficace.<\/span><span class=\"EOP-readonly EOP\">&nbsp;<\/span><\/div>\n<\/div>\n<\/div>\n<\/div>\n<\/div>\n<\/div>\n<\/div>\n<\/div>\n<\/div>\n<\/div>\n<div class=\"header_primary header_footer_hidden ui-hide\"><\/div>\n<div class=\"footer_primary header_footer_hidden ui-hide\"><\/div>\n<div class=\"odd_header_primary header_footer_hidden ui-hide\"><\/div>\n<div class=\"odd_footer_primary header_footer_hidden ui-hide\"><\/div>\n<div class=\"even_header_primary header_footer_hidden ui-hide\"><\/div>\n<div class=\"even_footer_primary header_footer_hidden ui-hide\"><\/div>\n<div class=\"fst_header_primary header_footer_hidden ui-hide\"><\/div>\n<div class=\"fst_footer_primary header_footer_hidden ui-hide\"><\/div>\n<p><span id=\"zohoMultiByteSpan\" contenteditable=\"false\" spellcheck=\"false\" data-mce-tabindex=\"1\"><span class=\"lyte-shortcut\" contenteditable=\"true\" spellcheck=\"false\">&nbsp;<\/span><\/span><\/p>\n<div id=\"_zohoPaste\" class=\"lyte-shortcut\"><\/div>\n<div class=\"zw-paginated zw-page ui-1056-816-portrait\">\n<div class=\"zw-page-gridlines\"><\/div>\n<div class=\"zw-pagecontainer\">\n<div class=\"float-image-container\">\n<div class=\"float-image-content-container\"><\/div>\n<\/div>\n<div class=\"zw-content-wrapper\">\n<div class=\"selectableSection zw-contentpane\">\n<div>\n<div class=\"zw-column-container\">\n<div class=\"zw-column\">\n<div class=\"zw-paragraph\" data-width=\"624\" data-textformat=\"{&quot;size&quot;:12}\">\n<div class=\"zw-line-div\">\n<div class=\"zw-line-content\"><span class=\"zw-portion zw-text-portion\" data-text-len=\"1\">\u2705<\/span><span class=\"zw-portion zw-text-portion\" data-text-len=\"1\">&nbsp;<\/span><span class=\"zw-portion zw-text-portion\" data-text-len=\"32\">Suivi&nbsp;des&nbsp;niveaux&nbsp;de&nbsp;remplissage<\/span><span class=\"zw-portion zw-br-portion\" data-text-len=\"1\">\u200b<\/span><\/div>\n<\/div>\n<div class=\"zw-line-div\">\n<div class=\"zw-line-content\"><span class=\"zw-portion zw-text-portion\" data-text-len=\"60\">Assurez&nbsp;la&nbsp;disponibilit\u00e9&nbsp;des&nbsp;uniformes&nbsp;et&nbsp;du&nbsp;linge&nbsp;gr\u00e2ce&nbsp;au&nbsp;<\/span><span class=\"zw-portion zw-text-portion\" data-text-len=\"19\">suivi&nbsp;en&nbsp;temps&nbsp;r\u00e9el<\/span><span class=\"zw-portion zw-text-portion\" data-text-len=\"12\">&nbsp;des&nbsp;niveaux<\/span><span class=\"zw-portion zw-text-portion\" data-text-len=\"1\">&nbsp;<\/span><\/div>\n<\/div>\n<div class=\"zw-line-div\">\n<div class=\"zw-line-content\"><span class=\"zw-portion zw-text-portion\" data-text-len=\"13\">d&rsquo;inventaire.<\/span><span class=\"EOP-readonly EOP\">&nbsp;<\/span><\/div>\n<\/div>\n<\/div>\n<div class=\"zw-paragraph\" data-width=\"624\" data-textformat=\"{&quot;size&quot;:12}\">\n<div class=\"zw-line-div\">\n<div class=\"zw-line-content\"><span class=\"zw-portion zw-text-portion\" data-text-len=\"1\">\u2705<\/span><span class=\"zw-portion zw-text-portion\" data-text-len=\"1\">&nbsp;<\/span><span class=\"zw-portion zw-text-portion\" data-text-len=\"34\">Plateforme&nbsp;web&nbsp;et&nbsp;acc\u00e8s&nbsp;\u00e0&nbsp;distance<\/span><span class=\"zw-portion zw-br-portion\" data-text-len=\"1\">\u200b<\/span><\/div>\n<\/div>\n<div class=\"zw-line-div\">\n<div class=\"zw-line-content\"><span class=\"zw-portion zw-text-portion\" data-text-len=\"36\">G\u00e9rez&nbsp;les&nbsp;stocks&nbsp;de&nbsp;scrubEx&nbsp;et&nbsp;alEx&nbsp;<\/span><span class=\"zw-portion zw-text-portion\" data-text-len=\"29\">\u00e0&nbsp;tout&nbsp;moment&nbsp;et&nbsp;en&nbsp;tout&nbsp;lieu<\/span><span class=\"zw-portion zw-text-portion\" data-text-len=\"28\">&nbsp;gr\u00e2ce&nbsp;\u00e0&nbsp;notre&nbsp;plateforme&nbsp;en<\/span><span class=\"zw-portion zw-text-portion\" data-text-len=\"1\">&nbsp;<\/span><\/div>\n<\/div>\n<div class=\"zw-line-div\">\n<div class=\"zw-line-content\"><span class=\"zw-portion zw-text-portion\" data-text-len=\"90\">ligne&nbsp;s\u00e9curis\u00e9e.&nbsp;Le&nbsp;syst\u00e8me&nbsp;web&nbsp;permet&nbsp;aux&nbsp;clients&nbsp;de&nbsp;surveiller&nbsp;proactivement&nbsp;les&nbsp;niveaux<\/span><span class=\"zw-portion zw-text-portion\" data-text-len=\"1\">&nbsp;<\/span><\/div>\n<\/div>\n<div class=\"zw-line-div\">\n<div class=\"zw-line-content\"><span class=\"zw-portion zw-text-portion\" data-text-len=\"66\">d&rsquo;inventaire&nbsp;de&nbsp;scrubEx&nbsp;et&nbsp;alEx&nbsp;en&nbsp;tout&nbsp;temps&nbsp;et&nbsp;o\u00f9&nbsp;qu&rsquo;ils&nbsp;soient.<\/span><span class=\"EOP-readonly EOP\">&nbsp;<\/span><\/div>\n<\/div>\n<\/div>\n<\/div>\n<\/div>\n<\/div>\n<\/div>\n<\/div>\n<\/div>\n<\/div>\n","protected":false},"excerpt":{"rendered":"<div class=\"zw-line-div\">\n<div class=\"zw-line-content\"><span class=\"zw-portion zw-text-portion\" data-text-len=\"3\">Le&nbsp;<\/span><span class=\"zw-portion zw-text-portion\" data-text-len=\"38\">syst\u00e8me&nbsp;de&nbsp;gestion&nbsp;du&nbsp;linge&nbsp;clearView\u2122<\/span><span class=\"zw-portion zw-text-portion\" data-text-len=\"53\">&nbsp;offre&nbsp;une&nbsp;visibilit\u00e9&nbsp;en&nbsp;temps&nbsp;r\u00e9el&nbsp;sur&nbsp;l&rsquo;utilisation<\/span><span class=\"zw-portion zw-text-portion\" data-text-len=\"1\">&nbsp;<\/span><\/div>\n<\/div>\n<div class=\"zw-line-div\">\n<div class=\"zw-line-content\"><span class=\"zw-portion zw-text-portion\" data-text-len=\"94\">des&nbsp;uniformes&nbsp;et&nbsp;du&nbsp;linge,&nbsp;permettant&nbsp;aux&nbsp;\u00e9tablissements&nbsp;de&nbsp;sant\u00e9&nbsp;d&rsquo;acc\u00e9der&nbsp;\u00e0&nbsp;des&nbsp;informations<\/span><span class=\"zw-portion zw-text-portion\" data-text-len=\"1\">&nbsp;<\/span><\/div>\n<\/div>\n<div class=\"zw-line-div\">\n<div class=\"zw-line-content\"><span class=\"zw-portion zw-text-portion\" data-text-len=\"91\">strat\u00e9giques&nbsp;pour&nbsp;optimiser&nbsp;la&nbsp;gestion&nbsp;des&nbsp;stocks.&nbsp;Avec&nbsp;clearView\u2122,&nbsp;vous&nbsp;pouvez&nbsp;g\u00e9rer&nbsp;votre<\/span><span class=\"zw-portion zw-text-portion\" data-text-len=\"1\">&nbsp;<\/span><\/div>\n<\/div>\n<div class=\"zw-line-div\">\n<div class=\"zw-line-content\"><span class=\"zw-portion zw-text-portion\" data-text-len=\"99\">inventaire&nbsp;de&nbsp;mani\u00e8re&nbsp;proactive,&nbsp;r\u00e9duire&nbsp;le&nbsp;gaspillage&nbsp;et&nbsp;am\u00e9liorer&nbsp;l&rsquo;efficacit\u00e9\u2014tout&nbsp;cela&nbsp;\u00e0&nbsp;partir<\/span><span class=\"zw-portion zw-text-portion\" data-text-len=\"1\">&nbsp;<\/span><\/div>\n<\/div>\n<div class=\"zw-line-div\">\n<div class=\"zw-line-content\"><span class=\"zw-portion zw-text-portion\" data-text-len=\"37\">d&rsquo;un&nbsp;seul&nbsp;et&nbsp;m\u00eame&nbsp;syst\u00e8me&nbsp;centralis\u00e9.<\/span><span class=\"EOP-readonly EOP\">&nbsp;<\/span><\/div>\n<\/div>\n","protected":false},"featured_media":3457,"comment_status":"open","ping_status":"closed","template":"","meta":[],"product_brand":[35],"product_cat":[18,111,44,98],"product_tag":[],"class_list":{"0":"post-3458","1":"product","2":"type-product","3":"status-publish","4":"has-post-thumbnail","6":"product_brand-think-ipa","7":"product_cat-all-products","8":"product_cat-gestion-du-textile","9":"product_cat-linen-management","10":"product_cat-tous-les-produits","12":"first","13":"instock","14":"virtual","15":"purchasable","16":"product-type-simple"},"yoast_head":"<!-- This site is optimized with the Yoast SEO plugin v27.4 - https:\/\/yoast.com\/product\/yoast-seo-wordpress\/ -->\n<title>IPA clearView - Quadromed<\/title>\n<meta name=\"robots\" content=\"index, follow, max-snippet:-1, max-image-preview:large, max-video-preview:-1\" \/>\n<link rel=\"canonical\" href=\"https:\/\/www.quadromed.com\/product\/ipa-clearview\/\" \/>\n<meta property=\"og:locale\" content=\"fr_FR\" \/>\n<meta property=\"og:type\" content=\"article\" \/>\n<meta property=\"og:title\" content=\"IPA clearView - Quadromed\" \/>\n<meta property=\"og:description\" content=\"Le&nbsp;syst\u00e8me&nbsp;de&nbsp;gestion&nbsp;du&nbsp;linge&nbsp;clearView\u2122&nbsp;offre&nbsp;une&nbsp;visibilit\u00e9&nbsp;en&nbsp;temps&nbsp;r\u00e9el&nbsp;sur&nbsp;l&#039;utilisation&nbsp;des&nbsp;uniformes&nbsp;et&nbsp;du&nbsp;linge,&nbsp;permettant&nbsp;aux&nbsp;\u00e9tablissements&nbsp;de&nbsp;sant\u00e9&nbsp;d&#039;acc\u00e9der&nbsp;\u00e0&nbsp;des&nbsp;informations&nbsp;strat\u00e9giques&nbsp;pour&nbsp;optimiser&nbsp;la&nbsp;gestion&nbsp;des&nbsp;stocks.&nbsp;Avec&nbsp;clearView\u2122,&nbsp;vous&nbsp;pouvez&nbsp;g\u00e9rer&nbsp;votre&nbsp;inventaire&nbsp;de&nbsp;mani\u00e8re&nbsp;proactive,&nbsp;r\u00e9duire&nbsp;le&nbsp;gaspillage&nbsp;et&nbsp;am\u00e9liorer&nbsp;l&#039;efficacit\u00e9\u2014tout&nbsp;cela&nbsp;\u00e0&nbsp;partir&nbsp;d&#039;un&nbsp;seul&nbsp;et&nbsp;m\u00eame&nbsp;syst\u00e8me&nbsp;centralis\u00e9.&nbsp;\" \/>\n<meta property=\"og:url\" content=\"https:\/\/www.quadromed.com\/product\/ipa-clearview\/\" \/>\n<meta property=\"og:site_name\" content=\"Quadromed\" \/>\n<meta property=\"article:modified_time\" content=\"2025-12-01T20:39:02+00:00\" \/>\n<meta property=\"og:image\" content=\"https:\/\/www.quadromed.com\/wp-content\/uploads\/2025\/03\/IPA-clearView.png\" \/>\n\t<meta property=\"og:image:width\" content=\"600\" \/>\n\t<meta property=\"og:image:height\" content=\"600\" \/>\n\t<meta property=\"og:image:type\" content=\"image\/png\" \/>\n<meta name=\"twitter:card\" content=\"summary_large_image\" \/>\n<meta name=\"twitter:label1\" content=\"Dur\u00e9e de lecture estim\u00e9e\" \/>\n\t<meta name=\"twitter:data1\" content=\"2 minutes\" \/>\n<script type=\"application\/ld+json\" class=\"yoast-schema-graph\">{\"@context\":\"https:\\\/\\\/schema.org\",\"@graph\":[{\"@type\":\"WebPage\",\"@id\":\"https:\\\/\\\/www.quadromed.com\\\/product\\\/ipa-clearview\\\/\",\"url\":\"https:\\\/\\\/www.quadromed.com\\\/product\\\/ipa-clearview\\\/\",\"name\":\"IPA clearView - Quadromed\",\"isPartOf\":{\"@id\":\"https:\\\/\\\/www.quadromed.com\\\/#website\"},\"primaryImageOfPage\":{\"@id\":\"https:\\\/\\\/www.quadromed.com\\\/product\\\/ipa-clearview\\\/#primaryimage\"},\"image\":{\"@id\":\"https:\\\/\\\/www.quadromed.com\\\/product\\\/ipa-clearview\\\/#primaryimage\"},\"thumbnailUrl\":\"https:\\\/\\\/www.quadromed.com\\\/wp-content\\\/uploads\\\/2025\\\/03\\\/IPA-clearView.png\",\"datePublished\":\"2025-03-26T17:05:48+00:00\",\"dateModified\":\"2025-12-01T20:39:02+00:00\",\"breadcrumb\":{\"@id\":\"https:\\\/\\\/www.quadromed.com\\\/product\\\/ipa-clearview\\\/#breadcrumb\"},\"inLanguage\":\"fr-FR\",\"potentialAction\":[{\"@type\":\"ReadAction\",\"target\":[\"https:\\\/\\\/www.quadromed.com\\\/product\\\/ipa-clearview\\\/\"]}]},{\"@type\":\"ImageObject\",\"inLanguage\":\"fr-FR\",\"@id\":\"https:\\\/\\\/www.quadromed.com\\\/product\\\/ipa-clearview\\\/#primaryimage\",\"url\":\"https:\\\/\\\/www.quadromed.com\\\/wp-content\\\/uploads\\\/2025\\\/03\\\/IPA-clearView.png\",\"contentUrl\":\"https:\\\/\\\/www.quadromed.com\\\/wp-content\\\/uploads\\\/2025\\\/03\\\/IPA-clearView.png\",\"width\":600,\"height\":600},{\"@type\":\"BreadcrumbList\",\"@id\":\"https:\\\/\\\/www.quadromed.com\\\/product\\\/ipa-clearview\\\/#breadcrumb\",\"itemListElement\":[{\"@type\":\"ListItem\",\"position\":1,\"name\":\"Home\",\"item\":\"https:\\\/\\\/www.quadromed.com\\\/fr\\\/\"},{\"@type\":\"ListItem\",\"position\":2,\"name\":\"Boutique\",\"item\":\"https:\\\/\\\/www.quadromed.com\\\/fr\\\/boutique\\\/\"},{\"@type\":\"ListItem\",\"position\":3,\"name\":\"IPA clearView\"}]},{\"@type\":\"WebSite\",\"@id\":\"https:\\\/\\\/www.quadromed.com\\\/#website\",\"url\":\"https:\\\/\\\/www.quadromed.com\\\/\",\"name\":\"Quadromed\",\"description\":\"\",\"potentialAction\":[{\"@type\":\"SearchAction\",\"target\":{\"@type\":\"EntryPoint\",\"urlTemplate\":\"https:\\\/\\\/www.quadromed.com\\\/?s={search_term_string}\"},\"query-input\":{\"@type\":\"PropertyValueSpecification\",\"valueRequired\":true,\"valueName\":\"search_term_string\"}}],\"inLanguage\":\"fr-FR\"}]}<\/script>\n<!-- \/ Yoast SEO plugin. -->","yoast_head_json":{"title":"IPA clearView - Quadromed","robots":{"index":"index","follow":"follow","max-snippet":"max-snippet:-1","max-image-preview":"max-image-preview:large","max-video-preview":"max-video-preview:-1"},"canonical":"https:\/\/www.quadromed.com\/product\/ipa-clearview\/","og_locale":"fr_FR","og_type":"article","og_title":"IPA clearView - Quadromed","og_description":"Le&nbsp;syst\u00e8me&nbsp;de&nbsp;gestion&nbsp;du&nbsp;linge&nbsp;clearView\u2122&nbsp;offre&nbsp;une&nbsp;visibilit\u00e9&nbsp;en&nbsp;temps&nbsp;r\u00e9el&nbsp;sur&nbsp;l'utilisation&nbsp;des&nbsp;uniformes&nbsp;et&nbsp;du&nbsp;linge,&nbsp;permettant&nbsp;aux&nbsp;\u00e9tablissements&nbsp;de&nbsp;sant\u00e9&nbsp;d'acc\u00e9der&nbsp;\u00e0&nbsp;des&nbsp;informations&nbsp;strat\u00e9giques&nbsp;pour&nbsp;optimiser&nbsp;la&nbsp;gestion&nbsp;des&nbsp;stocks.&nbsp;Avec&nbsp;clearView\u2122,&nbsp;vous&nbsp;pouvez&nbsp;g\u00e9rer&nbsp;votre&nbsp;inventaire&nbsp;de&nbsp;mani\u00e8re&nbsp;proactive,&nbsp;r\u00e9duire&nbsp;le&nbsp;gaspillage&nbsp;et&nbsp;am\u00e9liorer&nbsp;l'efficacit\u00e9\u2014tout&nbsp;cela&nbsp;\u00e0&nbsp;partir&nbsp;d'un&nbsp;seul&nbsp;et&nbsp;m\u00eame&nbsp;syst\u00e8me&nbsp;centralis\u00e9.&nbsp;","og_url":"https:\/\/www.quadromed.com\/product\/ipa-clearview\/","og_site_name":"Quadromed","article_modified_time":"2025-12-01T20:39:02+00:00","og_image":[{"width":600,"height":600,"url":"https:\/\/www.quadromed.com\/wp-content\/uploads\/2025\/03\/IPA-clearView.png","type":"image\/png"}],"twitter_card":"summary_large_image","twitter_misc":{"Dur\u00e9e de lecture estim\u00e9e":"2 minutes"},"schema":{"@context":"https:\/\/schema.org","@graph":[{"@type":"WebPage","@id":"https:\/\/www.quadromed.com\/product\/ipa-clearview\/","url":"https:\/\/www.quadromed.com\/product\/ipa-clearview\/","name":"IPA clearView - Quadromed","isPartOf":{"@id":"https:\/\/www.quadromed.com\/#website"},"primaryImageOfPage":{"@id":"https:\/\/www.quadromed.com\/product\/ipa-clearview\/#primaryimage"},"image":{"@id":"https:\/\/www.quadromed.com\/product\/ipa-clearview\/#primaryimage"},"thumbnailUrl":"https:\/\/www.quadromed.com\/wp-content\/uploads\/2025\/03\/IPA-clearView.png","datePublished":"2025-03-26T17:05:48+00:00","dateModified":"2025-12-01T20:39:02+00:00","breadcrumb":{"@id":"https:\/\/www.quadromed.com\/product\/ipa-clearview\/#breadcrumb"},"inLanguage":"fr-FR","potentialAction":[{"@type":"ReadAction","target":["https:\/\/www.quadromed.com\/product\/ipa-clearview\/"]}]},{"@type":"ImageObject","inLanguage":"fr-FR","@id":"https:\/\/www.quadromed.com\/product\/ipa-clearview\/#primaryimage","url":"https:\/\/www.quadromed.com\/wp-content\/uploads\/2025\/03\/IPA-clearView.png","contentUrl":"https:\/\/www.quadromed.com\/wp-content\/uploads\/2025\/03\/IPA-clearView.png","width":600,"height":600},{"@type":"BreadcrumbList","@id":"https:\/\/www.quadromed.com\/product\/ipa-clearview\/#breadcrumb","itemListElement":[{"@type":"ListItem","position":1,"name":"Home","item":"https:\/\/www.quadromed.com\/fr\/"},{"@type":"ListItem","position":2,"name":"Boutique","item":"https:\/\/www.quadromed.com\/fr\/boutique\/"},{"@type":"ListItem","position":3,"name":"IPA clearView"}]},{"@type":"WebSite","@id":"https:\/\/www.quadromed.com\/#website","url":"https:\/\/www.quadromed.com\/","name":"Quadromed","description":"","potentialAction":[{"@type":"SearchAction","target":{"@type":"EntryPoint","urlTemplate":"https:\/\/www.quadromed.com\/?s={search_term_string}"},"query-input":{"@type":"PropertyValueSpecification","valueRequired":true,"valueName":"search_term_string"}}],"inLanguage":"fr-FR"}]}},"_links":{"self":[{"href":"https:\/\/www.quadromed.com\/fr\/wp-json\/wp\/v2\/product\/3458","targetHints":{"allow":["GET"]}}],"collection":[{"href":"https:\/\/www.quadromed.com\/fr\/wp-json\/wp\/v2\/product"}],"about":[{"href":"https:\/\/www.quadromed.com\/fr\/wp-json\/wp\/v2\/types\/product"}],"replies":[{"embeddable":true,"href":"https:\/\/www.quadromed.com\/fr\/wp-json\/wp\/v2\/comments?post=3458"}],"wp:featuredmedia":[{"embeddable":true,"href":"https:\/\/www.quadromed.com\/fr\/wp-json\/wp\/v2\/media\/3457"}],"wp:attachment":[{"href":"https:\/\/www.quadromed.com\/fr\/wp-json\/wp\/v2\/media?parent=3458"}],"wp:term":[{"taxonomy":"product_brand","embeddable":true,"href":"https:\/\/www.quadromed.com\/fr\/wp-json\/wp\/v2\/product_brand?post=3458"},{"taxonomy":"product_cat","embeddable":true,"href":"https:\/\/www.quadromed.com\/fr\/wp-json\/wp\/v2\/product_cat?post=3458"},{"taxonomy":"product_tag","embeddable":true,"href":"https:\/\/www.quadromed.com\/fr\/wp-json\/wp\/v2\/product_tag?post=3458"}],"curies":[{"name":"wp","href":"https:\/\/api.w.org\/{rel}","templated":true}]}}