{"id":3452,"date":"2025-03-26T17:39:41","date_gmt":"2025-03-26T17:39:41","guid":{"rendered":"https:\/\/www.quadromed.com\/product\/ergoselect-100-velo-ergometre\/"},"modified":"2026-04-29T17:36:50","modified_gmt":"2026-04-29T17:36:50","slug":"ergoselect-100-velo-ergometre","status":"publish","type":"product","link":"https:\/\/www.quadromed.com\/fr\/produit\/ergoselect-100-velo-ergometre\/","title":{"rendered":"Ergoselect 100 v\u00e9lo Ergom\u00e8tre"},"content":{"rendered":"<div class=\"zw-paragraph\" data-width=\"624\" data-textformat=\"{&quot;size&quot;:10}\">\n<div class=\"zw-line-div\">\n<div class=\"zw-line-content\"><span class=\"zw-portion zw-text-portion\" data-text-len=\"29\">Ergoselect\u00a0100\u00a0v\u00e9lo\u00a0Ergom\u00e8tre<\/span><span class=\"zw-portion zw-text-portion\" data-text-len=\"55\">\u00a0\u00a0:\u00a0est\u00a0un\u00a0v\u00e9lo\u00a0ergom\u00e8tre\u00a0modulaire\u00a0et\u00a0performant\u00a0con\u00e7u<\/span><span class=\"zw-portion zw-text-portion\" data-text-len=\"1\">\u00a0<\/span><\/div>\n<\/div>\n<div class=\"zw-line-div\">\n<div class=\"zw-line-content\"><span class=\"zw-portion zw-text-portion\" data-text-len=\"78\">pour\u00a0l\u2019ergom\u00e9trie\u00a0ECG\u00a0d\u2019exercice\u00a0et\u00a0l\u2019entra\u00eenement\u00a0ind\u00e9pendant\u00a0contr\u00f4l\u00e9\u00a0par\u00a0la<\/span><span class=\"zw-portion zw-text-portion\" data-text-len=\"1\">\u00a0<\/span><\/div>\n<\/div>\n<div class=\"zw-line-div\">\n<div class=\"zw-line-content\"><span class=\"zw-portion zw-text-portion\" data-text-len=\"85\">fr\u00e9quence\u00a0cardiaque.\u00a0Il\u00a0est\u00a0largement\u00a0utilis\u00e9\u00a0dans\u00a0les\u00a0centres\u00a0sportifs\u00a0m\u00e9dicaux,\u00a0les<\/span><span class=\"zw-portion zw-text-portion\" data-text-len=\"1\">\u00a0<\/span><\/div>\n<\/div>\n<div class=\"zw-line-div\">\n<div class=\"zw-line-content\"><span class=\"zw-portion zw-text-portion\" data-text-len=\"47\">h\u00f4pitaux\u00a0et\u00a0les\u00a0\u00e9tablissements\u00a0de\u00a0r\u00e9adaptation.<\/span><span class=\"zw-portion zw-br-portion\" data-text-len=\"1\">\u200b<\/span><\/div>\n<\/div>\n<div class=\"zw-line-div\">\n<div class=\"zw-line-content\"><span class=\"EOP-readonly EOP\">\u00a0<\/span><\/div>\n<\/div>\n<\/div>\n<div class=\"zw-paragraph\" data-width=\"624\" data-textformat=\"{&quot;size&quot;:12}\">\n<div class=\"zw-line-div\">\n<div class=\"zw-line-content\"><span class=\"zw-portion zeroSize\" data-text-len=\"1\"><img id=\"toc_0\" class=\"spacer zw-range-start bookmark\" data-bookmark-name=\"_Tocw0b83v05r6ed\" \/><\/span><span class=\"zw-portion zw-text-portion char_sty687\" data-text-len=\"21\">Caract\u00e9ristiques\u00a0cl\u00e9s<\/span><span class=\"zw-portion zeroSize\" data-text-len=\"1\"><img class=\"spacer zw-range-end noprint\" \/><\/span><span class=\"EOP-readonly EOP\">\u00a0<\/span><\/div>\n<\/div>\n<\/div>\n<div class=\"zw-paragraph\" data-width=\"624\" data-textformat=\"{&quot;size&quot;:12}\">\n<div class=\"zw-line-div\">\n<div class=\"zw-line-content\"><span class=\"zw-bullet zw-bullet-unorder-list\">\u25cf<\/span><span class=\"zw-portion zw-text-portion\" data-text-len=\"31\">Connexion\u00a0avec\u00a0les\u00a0syst\u00e8mes\u00a0ECG<\/span><span class=\"EOP-readonly EOP\">\u00a0<\/span><\/div>\n<\/div>\n<\/div>\n<div class=\"zw-paragraph\" data-width=\"624\" data-textformat=\"{&quot;size&quot;:12}\">\n<div class=\"zw-line-div\">\n<div class=\"zw-line-content\"><span class=\"zw-bullet zw-bullet-unorder-list\">\u25cf<\/span><span class=\"zw-portion zw-text-portion\" data-text-len=\"56\">Mesure\u00a0automatique\u00a0de\u00a0la\u00a0pression\u00a0art\u00e9rielle\u00a0(en\u00a0option)<\/span><span class=\"EOP-readonly EOP\">\u00a0<\/span><\/div>\n<\/div>\n<\/div>\n<div class=\"zw-paragraph\" data-width=\"624\" data-textformat=\"{&quot;size&quot;:12}\">\n<div class=\"zw-line-div\">\n<div class=\"zw-line-content\"><span class=\"zw-bullet zw-bullet-unorder-list\">\u25cf<\/span><span class=\"zw-portion zw-text-portion\" data-text-len=\"75\">Hauteur\u00a0de\u00a0selle\u00a0r\u00e9glable\u00a0\u00e9lectriquement\u00a0et\u00a0r\u00e9glage\u00a0de\u00a0la\u00a0selle\u00a0horizontale<\/span><span class=\"EOP-readonly EOP\">\u00a0<\/span><\/div>\n<\/div>\n<\/div>\n<div class=\"zw-paragraph\" data-width=\"624\" data-textformat=\"{&quot;size&quot;:12}\">\n<div class=\"zw-line-div\">\n<div class=\"zw-line-content\"><span class=\"zw-bullet zw-bullet-unorder-list\">\u25cf<\/span><span class=\"zw-portion zw-text-portion\" data-text-len=\"40\">R\u00e9glage\u00a0variable\u00a0de\u00a0la\u00a0hauteur\u00a0du\u00a0guidon<\/span><span class=\"EOP-readonly EOP\">\u00a0<\/span><\/div>\n<\/div>\n<\/div>\n<div class=\"zw-paragraph\" data-width=\"624\" data-textformat=\"{&quot;size&quot;:12}\">\n<div class=\"zw-line-div\">\n<div class=\"zw-line-content\"><span class=\"zw-bullet zw-bullet-unorder-list\">\u25cf<\/span><span class=\"zw-portion zw-text-portion\" data-text-len=\"37\">Oxym\u00e9trie\u00a0de\u00a0pouls\u00a0(SpO\u2082)\u00a0(en\u00a0option)<\/span><span class=\"EOP-readonly EOP\">\u00a0<\/span><\/div>\n<\/div>\n<\/div>\n<div class=\"zw-paragraph\" data-width=\"624\" data-textformat=\"{&quot;size&quot;:12}\">\n<div class=\"zw-line-div\">\n<div class=\"zw-line-content\"><span class=\"zw-bullet zw-bullet-unorder-list\">\u25cf<\/span><span class=\"zw-portion zw-text-portion\" data-text-len=\"48\">Ergom\u00e9trie\/diagnostic\u00a0sportif\u00a0enfant\u00a0(en\u00a0option)<\/span><span class=\"EOP-readonly EOP\">\u00a0<\/span><\/div>\n<\/div>\n<\/div>\n<div class=\"zw-paragraph\" data-width=\"624\" data-textformat=\"{&quot;size&quot;:10}\">\n<div class=\"zw-line-div\">\n<div class=\"zw-line-content\"><span class=\"zw-bullet zw-bullet-unorder-list\">\u25cf<\/span><span class=\"zw-portion zw-text-portion\" data-text-len=\"81\">Interfaces\u00a0:\u00a0interface\u00a0standard\u00a0RS-232\u00a0et\u00a0USB,\u00a0connexions\u00a0analogiques\u00a0et\u00a0sans\u00a0fil<\/span><span class=\"zw-portion zw-text-portion\" data-text-len=\"1\">\u00a0<\/span><\/div>\n<\/div>\n<div class=\"zw-line-div\">\n<div class=\"zw-line-content\"><span class=\"zw-portion zw-text-portion\" data-text-len=\"22\">via\u00a0Bluetooth\u00a0ou\u00a0WLAN.<\/span><span class=\"zw-portion zw-br-portion\" data-text-len=\"1\">\u200b<\/span><\/div>\n<\/div>\n<div class=\"zw-line-div\">\n<div class=\"zw-line-content\"><span class=\"EOP-readonly EOP\">\u00a0<\/span><\/div>\n<\/div>\n<\/div>\n<div class=\"zw-paragraph heading4\" data-width=\"624\" data-header=\"4\" data-textformat=\"{&quot;size&quot;:10}\">\n<div class=\"zw-line-div\">\n<div class=\"zw-line-content\"><span class=\"zw-portion zeroSize\" data-text-len=\"1\"><img id=\"toc_1\" class=\"spacer zw-range-start bookmark\" data-bookmark-name=\"_Tocrifrauubc6lv\" \/><\/span><span class=\"zw-portion zw-text-portion\" data-text-len=\"25\">Sp\u00e9cifications\u00a0techniques<\/span><span class=\"zw-portion zw-br-portion\" data-text-len=\"1\">\u200b<\/span><\/div>\n<\/div>\n<div class=\"zw-line-div\">\n<div class=\"zw-line-content\"><span class=\"zw-portion zeroSize\" data-text-len=\"1\"><img class=\"spacer zw-range-end noprint\" \/><\/span><span class=\"EOP-readonly EOP\">\u00a0<\/span><\/div>\n<\/div>\n<\/div>\n<div class=\"zw-paragraph\" data-width=\"624\" data-textformat=\"{&quot;size&quot;:12}\">\n<div class=\"zw-line-div\">\n<div class=\"zw-line-content\"><span class=\"zw-bullet zw-bullet-unorder-list\">\u27a4<\/span><span class=\"zw-portion zw-text-portion\" data-text-len=\"60\">Plage\u00a0de\u00a0charge\u00a0:\u00a06\u00a0&#8211;\u00a01000\u00a0watts\u00a0(ind\u00e9pendant\u00a0de\u00a0la\u00a0vitesse)<\/span><span class=\"EOP-readonly EOP\">\u00a0<\/span><\/div>\n<\/div>\n<\/div>\n<div class=\"zw-paragraph\" data-width=\"624\" data-textformat=\"{&quot;size&quot;:12}\">\n<div class=\"zw-line-div\">\n<div class=\"zw-line-content\"><span class=\"zw-bullet zw-bullet-unorder-list\">\u27a4<\/span><span class=\"zw-portion zw-text-portion\" data-text-len=\"34\">Plage\u00a0de\u00a0vitesse\u00a0:\u00a030\u00a0&#8211;\u00a0130\u00a0tr\/min<\/span><span class=\"EOP-readonly EOP\">\u00a0<\/span><\/div>\n<\/div>\n<\/div>\n<div class=\"zw-paragraph\" data-width=\"624\" data-textformat=\"{&quot;size&quot;:12}\">\n<div class=\"zw-line-div\">\n<div class=\"zw-line-content\"><span class=\"zw-bullet zw-bullet-unorder-list\">\u27a4<\/span><span class=\"zw-portion zw-text-portion\" data-text-len=\"38\">R\u00e9glage\u00a0du\u00a0guidon\u00a0:\u00a0inclinaison\u00a0\u00e0\u00a0360\u00b0<\/span><span class=\"EOP-readonly EOP\">\u00a0<\/span><\/div>\n<\/div>\n<\/div>\n<div class=\"zw-paragraph\" data-width=\"624\" data-textformat=\"{&quot;size&quot;:12}\">\n<div class=\"zw-line-div\">\n<div class=\"zw-line-content\"><span class=\"zw-bullet zw-bullet-unorder-list\">\u27a4<\/span><span class=\"zw-portion zw-text-portion\" data-text-len=\"33\">Poids\u00a0maximum\u00a0du\u00a0patient\u00a0:\u00a0150\u00a0kg<\/span><span class=\"EOP-readonly EOP\">\u00a0<\/span><\/div>\n<\/div>\n<\/div>\n<div class=\"zw-paragraph\" data-width=\"624\" data-textformat=\"{&quot;size&quot;:12}\">\n<div class=\"zw-line-div\">\n<div class=\"zw-line-content\"><span class=\"zw-bullet zw-bullet-unorder-list\">\u27a4<\/span><span class=\"zw-portion zw-text-portion\" data-text-len=\"76\">Affichage\u00a0:\u00a0LCD\u00a0(charge,\u00a0RPM,\u00a0vitesse,\u00a0temps,\u00a0pression\u00a0art\u00e9rielle,\u00a0fr\u00e9quence<\/span><span class=\"zw-portion zw-text-portion\" data-text-len=\"1\">\u00a0<\/span><\/div>\n<\/div>\n<div class=\"zw-line-div\">\n<div class=\"zw-line-content\"><span class=\"zw-portion zw-text-portion\" data-text-len=\"10\">cardiaque)<\/span><span class=\"EOP-readonly EOP\">\u00a0<\/span><\/div>\n<\/div>\n<\/div>\n<div class=\"zw-paragraph\" data-width=\"624\" data-textformat=\"{&quot;size&quot;:12}\">\n<div class=\"zw-line-div\">\n<div class=\"zw-line-content\"><span class=\"zw-bullet zw-bullet-unorder-list\">\u27a4<\/span><span class=\"zw-portion zw-text-portion\" data-text-len=\"74\">Programmes\u00a0d\u2019entra\u00eenement\u00a0:\u00a0Entra\u00eenement\u00a0\u00e0\u00a0l\u2019\u00e9tat\u00a0d\u2019\u00e9quilibre\u00a0du\u00a0pouls\u00a0(en<\/span><span class=\"zw-portion zw-text-portion\" data-text-len=\"1\">\u00a0<\/span><\/div>\n<\/div>\n<div class=\"zw-line-div\">\n<div class=\"zw-line-content\"><span class=\"zw-portion zw-text-portion\" data-text-len=\"59\">option),\u00a0tests\u00a0de\u00a0condition\u00a0physique\u00a0pr\u00e9d\u00e9finis\u00a0(en\u00a0option)<\/span><span class=\"EOP-readonly EOP\">\u00a0<\/span><\/div>\n<\/div>\n<\/div>\n","protected":false},"excerpt":{"rendered":"<div class=\"zw-line-div\">\n<div class=\"zw-line-content\"><span class=\"zw-portion zw-text-portion\" data-text-len=\"29\">Ergoselect\u00a0100\u00a0v\u00e9lo\u00a0Ergom\u00e8tre<\/span><span class=\"zw-portion zw-text-portion\" data-text-len=\"55\">\u00a0\u00a0:\u00a0est\u00a0un\u00a0v\u00e9lo\u00a0ergom\u00e8tre\u00a0modulaire\u00a0et\u00a0performant\u00a0con\u00e7u<\/span><span class=\"zw-portion zw-text-portion\" data-text-len=\"1\">\u00a0<\/span><\/div>\n<\/div>\n<div class=\"zw-line-div\">\n<div class=\"zw-line-content\"><span class=\"zw-portion zw-text-portion\" data-text-len=\"78\">pour\u00a0l\u2019ergom\u00e9trie\u00a0ECG\u00a0d\u2019exercice\u00a0et\u00a0l\u2019entra\u00eenement\u00a0ind\u00e9pendant\u00a0contr\u00f4l\u00e9\u00a0par\u00a0la<\/span><span class=\"zw-portion zw-text-portion\" data-text-len=\"1\">\u00a0<\/span><\/div>\n<\/div>\n<div class=\"zw-line-div\">\n<div class=\"zw-line-content\"><span class=\"zw-portion zw-text-portion\" data-text-len=\"85\">fr\u00e9quence\u00a0cardiaque.\u00a0Il\u00a0est\u00a0largement\u00a0utilis\u00e9\u00a0dans\u00a0les\u00a0centres\u00a0sportifs\u00a0m\u00e9dicaux,\u00a0les<\/span><span class=\"zw-portion zw-text-portion\" data-text-len=\"1\">\u00a0<\/span><\/div>\n<\/div>\n<div class=\"zw-line-div\">\n<div class=\"zw-line-content\"><span class=\"zw-portion zw-text-portion\" data-text-len=\"47\">h\u00f4pitaux\u00a0et\u00a0les\u00a0\u00e9tablissements\u00a0de\u00a0r\u00e9adaptation.<\/span><\/div>\n<\/div>\n","protected":false},"featured_media":3451,"comment_status":"open","ping_status":"closed","template":"","meta":[],"product_brand":[],"product_cat":[18,88,103,98],"product_tag":[77,110],"class_list":{"0":"post-3452","1":"product","2":"type-product","3":"status-publish","4":"has-post-thumbnail","6":"product_cat-all-products","7":"product_cat-metabolic","8":"product_cat-metabolique","9":"product_cat-tous-les-produits","10":"product_tag-ergometers","13":"first","14":"instock","15":"virtual","16":"purchasable","17":"product-type-simple"},"yoast_head":"<!-- This site is optimized with the Yoast SEO plugin v27.4 - https:\/\/yoast.com\/product\/yoast-seo-wordpress\/ -->\n<title>Ergoselect 100 \u2013 Ergom\u00e8tre clinique \u00e0 v\u00e9lo<\/title>\n<meta name=\"description\" content=\"Ergom\u00e8tre clinique \u00e0 v\u00e9lo fiable pour les tests d&#039;effort mod\u00e9r\u00e9s. Compact et facile \u00e0 utiliser, adapt\u00e9 aux \u00e9valuations cardiopulmonaires et de r\u00e9adaptation.\" \/>\n<meta name=\"robots\" content=\"index, follow, max-snippet:-1, max-image-preview:large, max-video-preview:-1\" \/>\n<link rel=\"canonical\" href=\"https:\/\/www.quadromed.com\/product\/ergoselect-100-bike-ergometer\/\" \/>\n<meta property=\"og:locale\" content=\"fr_FR\" \/>\n<meta property=\"og:type\" content=\"article\" \/>\n<meta property=\"og:title\" content=\"Ergoselect 100 \u2013 Ergom\u00e8tre clinique \u00e0 v\u00e9lo\" \/>\n<meta property=\"og:description\" content=\"Ergom\u00e8tre clinique \u00e0 v\u00e9lo fiable pour les tests d&#039;effort mod\u00e9r\u00e9s. Compact et facile \u00e0 utiliser, adapt\u00e9 aux \u00e9valuations cardiopulmonaires et de r\u00e9adaptation.\" \/>\n<meta property=\"og:url\" content=\"https:\/\/www.quadromed.com\/product\/ergoselect-100-bike-ergometer\/\" \/>\n<meta property=\"og:site_name\" content=\"Quadromed\" \/>\n<meta property=\"article:modified_time\" content=\"2026-04-29T17:36:50+00:00\" \/>\n<meta property=\"og:image\" content=\"https:\/\/www.quadromed.com\/wp-content\/uploads\/2025\/03\/Ergoselect-100-Bike-Ergometer.png\" \/>\n\t<meta property=\"og:image:width\" content=\"600\" \/>\n\t<meta property=\"og:image:height\" content=\"600\" \/>\n\t<meta property=\"og:image:type\" content=\"image\/png\" \/>\n<meta name=\"twitter:card\" content=\"summary_large_image\" \/>\n<meta name=\"twitter:label1\" content=\"Dur\u00e9e de lecture estim\u00e9e\" \/>\n\t<meta name=\"twitter:data1\" content=\"1 minute\" \/>\n<script type=\"application\/ld+json\" class=\"yoast-schema-graph\">{\"@context\":\"https:\\\/\\\/schema.org\",\"@graph\":[{\"@type\":\"WebPage\",\"@id\":\"https:\\\/\\\/www.quadromed.com\\\/product\\\/ergoselect-100-bike-ergometer\\\/\",\"url\":\"https:\\\/\\\/www.quadromed.com\\\/product\\\/ergoselect-100-bike-ergometer\\\/\",\"name\":\"Ergoselect 100 \u2013 Ergom\u00e8tre clinique \u00e0 v\u00e9lo\",\"isPartOf\":{\"@id\":\"https:\\\/\\\/www.quadromed.com\\\/#website\"},\"primaryImageOfPage\":{\"@id\":\"https:\\\/\\\/www.quadromed.com\\\/product\\\/ergoselect-100-bike-ergometer\\\/#primaryimage\"},\"image\":{\"@id\":\"https:\\\/\\\/www.quadromed.com\\\/product\\\/ergoselect-100-bike-ergometer\\\/#primaryimage\"},\"thumbnailUrl\":\"https:\\\/\\\/www.quadromed.com\\\/wp-content\\\/uploads\\\/2025\\\/03\\\/Ergoselect-100-Bike-Ergometer.png\",\"datePublished\":\"2025-03-26T17:39:41+00:00\",\"dateModified\":\"2026-04-29T17:36:50+00:00\",\"description\":\"Ergom\u00e8tre clinique \u00e0 v\u00e9lo fiable pour les tests d'effort mod\u00e9r\u00e9s. Compact et facile \u00e0 utiliser, adapt\u00e9 aux \u00e9valuations cardiopulmonaires et de r\u00e9adaptation.\",\"breadcrumb\":{\"@id\":\"https:\\\/\\\/www.quadromed.com\\\/product\\\/ergoselect-100-bike-ergometer\\\/#breadcrumb\"},\"inLanguage\":\"fr-FR\",\"potentialAction\":[{\"@type\":\"ReadAction\",\"target\":[\"https:\\\/\\\/www.quadromed.com\\\/product\\\/ergoselect-100-bike-ergometer\\\/\"]}]},{\"@type\":\"ImageObject\",\"inLanguage\":\"fr-FR\",\"@id\":\"https:\\\/\\\/www.quadromed.com\\\/product\\\/ergoselect-100-bike-ergometer\\\/#primaryimage\",\"url\":\"https:\\\/\\\/www.quadromed.com\\\/wp-content\\\/uploads\\\/2025\\\/03\\\/Ergoselect-100-Bike-Ergometer.png\",\"contentUrl\":\"https:\\\/\\\/www.quadromed.com\\\/wp-content\\\/uploads\\\/2025\\\/03\\\/Ergoselect-100-Bike-Ergometer.png\",\"width\":600,\"height\":600,\"caption\":\"Ergoselect 100 Bike Ergometer\"},{\"@type\":\"BreadcrumbList\",\"@id\":\"https:\\\/\\\/www.quadromed.com\\\/product\\\/ergoselect-100-bike-ergometer\\\/#breadcrumb\",\"itemListElement\":[{\"@type\":\"ListItem\",\"position\":1,\"name\":\"Home\",\"item\":\"https:\\\/\\\/www.quadromed.com\\\/\"},{\"@type\":\"ListItem\",\"position\":2,\"name\":\"Boutique\",\"item\":\"https:\\\/\\\/www.quadromed.com\\\/fr\\\/boutique\\\/\"},{\"@type\":\"ListItem\",\"position\":3,\"name\":\"Ergoselect 100 v\u00e9lo Ergom\u00e8tre\"}]},{\"@type\":\"WebSite\",\"@id\":\"https:\\\/\\\/www.quadromed.com\\\/#website\",\"url\":\"https:\\\/\\\/www.quadromed.com\\\/\",\"name\":\"Quadromed\",\"description\":\"\",\"potentialAction\":[{\"@type\":\"SearchAction\",\"target\":{\"@type\":\"EntryPoint\",\"urlTemplate\":\"https:\\\/\\\/www.quadromed.com\\\/?s={search_term_string}\"},\"query-input\":{\"@type\":\"PropertyValueSpecification\",\"valueRequired\":true,\"valueName\":\"search_term_string\"}}],\"inLanguage\":\"fr-FR\"}]}<\/script>\n<!-- \/ Yoast SEO plugin. -->","yoast_head_json":{"title":"Ergoselect 100 \u2013 Ergom\u00e8tre clinique \u00e0 v\u00e9lo","description":"Ergom\u00e8tre clinique \u00e0 v\u00e9lo fiable pour les tests d'effort mod\u00e9r\u00e9s. Compact et facile \u00e0 utiliser, adapt\u00e9 aux \u00e9valuations cardiopulmonaires et de r\u00e9adaptation.","robots":{"index":"index","follow":"follow","max-snippet":"max-snippet:-1","max-image-preview":"max-image-preview:large","max-video-preview":"max-video-preview:-1"},"canonical":"https:\/\/www.quadromed.com\/product\/ergoselect-100-bike-ergometer\/","og_locale":"fr_FR","og_type":"article","og_title":"Ergoselect 100 \u2013 Ergom\u00e8tre clinique \u00e0 v\u00e9lo","og_description":"Ergom\u00e8tre clinique \u00e0 v\u00e9lo fiable pour les tests d'effort mod\u00e9r\u00e9s. Compact et facile \u00e0 utiliser, adapt\u00e9 aux \u00e9valuations cardiopulmonaires et de r\u00e9adaptation.","og_url":"https:\/\/www.quadromed.com\/product\/ergoselect-100-bike-ergometer\/","og_site_name":"Quadromed","article_modified_time":"2026-04-29T17:36:50+00:00","og_image":[{"width":600,"height":600,"url":"https:\/\/www.quadromed.com\/wp-content\/uploads\/2025\/03\/Ergoselect-100-Bike-Ergometer.png","type":"image\/png"}],"twitter_card":"summary_large_image","twitter_misc":{"Dur\u00e9e de lecture estim\u00e9e":"1 minute"},"schema":{"@context":"https:\/\/schema.org","@graph":[{"@type":"WebPage","@id":"https:\/\/www.quadromed.com\/product\/ergoselect-100-bike-ergometer\/","url":"https:\/\/www.quadromed.com\/product\/ergoselect-100-bike-ergometer\/","name":"Ergoselect 100 \u2013 Ergom\u00e8tre clinique \u00e0 v\u00e9lo","isPartOf":{"@id":"https:\/\/www.quadromed.com\/#website"},"primaryImageOfPage":{"@id":"https:\/\/www.quadromed.com\/product\/ergoselect-100-bike-ergometer\/#primaryimage"},"image":{"@id":"https:\/\/www.quadromed.com\/product\/ergoselect-100-bike-ergometer\/#primaryimage"},"thumbnailUrl":"https:\/\/www.quadromed.com\/wp-content\/uploads\/2025\/03\/Ergoselect-100-Bike-Ergometer.png","datePublished":"2025-03-26T17:39:41+00:00","dateModified":"2026-04-29T17:36:50+00:00","description":"Ergom\u00e8tre clinique \u00e0 v\u00e9lo fiable pour les tests d'effort mod\u00e9r\u00e9s. Compact et facile \u00e0 utiliser, adapt\u00e9 aux \u00e9valuations cardiopulmonaires et de r\u00e9adaptation.","breadcrumb":{"@id":"https:\/\/www.quadromed.com\/product\/ergoselect-100-bike-ergometer\/#breadcrumb"},"inLanguage":"fr-FR","potentialAction":[{"@type":"ReadAction","target":["https:\/\/www.quadromed.com\/product\/ergoselect-100-bike-ergometer\/"]}]},{"@type":"ImageObject","inLanguage":"fr-FR","@id":"https:\/\/www.quadromed.com\/product\/ergoselect-100-bike-ergometer\/#primaryimage","url":"https:\/\/www.quadromed.com\/wp-content\/uploads\/2025\/03\/Ergoselect-100-Bike-Ergometer.png","contentUrl":"https:\/\/www.quadromed.com\/wp-content\/uploads\/2025\/03\/Ergoselect-100-Bike-Ergometer.png","width":600,"height":600,"caption":"Ergoselect 100 Bike Ergometer"},{"@type":"BreadcrumbList","@id":"https:\/\/www.quadromed.com\/product\/ergoselect-100-bike-ergometer\/#breadcrumb","itemListElement":[{"@type":"ListItem","position":1,"name":"Home","item":"https:\/\/www.quadromed.com\/"},{"@type":"ListItem","position":2,"name":"Boutique","item":"https:\/\/www.quadromed.com\/fr\/boutique\/"},{"@type":"ListItem","position":3,"name":"Ergoselect 100 v\u00e9lo Ergom\u00e8tre"}]},{"@type":"WebSite","@id":"https:\/\/www.quadromed.com\/#website","url":"https:\/\/www.quadromed.com\/","name":"Quadromed","description":"","potentialAction":[{"@type":"SearchAction","target":{"@type":"EntryPoint","urlTemplate":"https:\/\/www.quadromed.com\/?s={search_term_string}"},"query-input":{"@type":"PropertyValueSpecification","valueRequired":true,"valueName":"search_term_string"}}],"inLanguage":"fr-FR"}]}},"_links":{"self":[{"href":"https:\/\/www.quadromed.com\/fr\/wp-json\/wp\/v2\/product\/3452","targetHints":{"allow":["GET"]}}],"collection":[{"href":"https:\/\/www.quadromed.com\/fr\/wp-json\/wp\/v2\/product"}],"about":[{"href":"https:\/\/www.quadromed.com\/fr\/wp-json\/wp\/v2\/types\/product"}],"replies":[{"embeddable":true,"href":"https:\/\/www.quadromed.com\/fr\/wp-json\/wp\/v2\/comments?post=3452"}],"wp:featuredmedia":[{"embeddable":true,"href":"https:\/\/www.quadromed.com\/fr\/wp-json\/wp\/v2\/media\/3451"}],"wp:attachment":[{"href":"https:\/\/www.quadromed.com\/fr\/wp-json\/wp\/v2\/media?parent=3452"}],"wp:term":[{"taxonomy":"product_brand","embeddable":true,"href":"https:\/\/www.quadromed.com\/fr\/wp-json\/wp\/v2\/product_brand?post=3452"},{"taxonomy":"product_cat","embeddable":true,"href":"https:\/\/www.quadromed.com\/fr\/wp-json\/wp\/v2\/product_cat?post=3452"},{"taxonomy":"product_tag","embeddable":true,"href":"https:\/\/www.quadromed.com\/fr\/wp-json\/wp\/v2\/product_tag?post=3452"}],"curies":[{"name":"wp","href":"https:\/\/api.w.org\/{rel}","templated":true}]}}