{"id":3416,"date":"2025-03-25T19:46:34","date_gmt":"2025-03-25T19:46:34","guid":{"rendered":"https:\/\/www.quadromed.com\/product\/suntech-tango-m2\/"},"modified":"2025-03-25T19:46:34","modified_gmt":"2025-03-25T19:46:34","slug":"suntech-tango-m2","status":"publish","type":"product","link":"https:\/\/www.quadromed.com\/fr\/produit\/suntech-tango-m2\/","title":{"rendered":"SunTech Tango M2"},"content":{"rendered":"<div class=\"zw-paginated zw-page ui-1056-816-portrait\">\n<div class=\"zw-pagecontainer\">\n<div class=\"zw-content-wrapper\">\n<div class=\"selectableSection zw-contentpane\">\n<div>\n<div class=\"zw-column-container\">\n<div class=\"zw-column\">\n<div class=\"zw-paragraph\" data-width=\"624\" data-textformat=\"{&quot;size&quot;:12}\">\n<div class=\"zw-line-div\">\n<div class=\"zw-line-content\"><span class=\"zw-portion zw-text-portion\" data-text-len=\"95\">Nos\u00a0produits\u00a0de\u00a0surveillance\u00a0de\u00a0la\u00a0pression\u00a0art\u00e9rielle\u00a0(PA)\u00a0en\u00a0stress\u00a0cardiaque\u00a0vous\u00a0offrent\u00a0la<\/span><span class=\"zw-portion zw-text-portion\" data-text-len=\"1\">\u00a0<\/span><\/div>\n<\/div>\n<div class=\"zw-line-div\">\n<div class=\"zw-line-content\"><span class=\"zw-portion zw-text-portion\" data-text-len=\"89\">certitude\u00a0que\u00a0les\u00a0mouvements\u00a0des\u00a0patients,\u00a0les\u00a0vibrations\u00a0m\u00e9caniques\u00a0et\u00a0la\u00a0variabilit\u00e9\u00a0de<\/span><span class=\"zw-portion zw-text-portion\" data-text-len=\"1\">\u00a0<\/span><\/div>\n<\/div>\n<div class=\"zw-line-div\">\n<div class=\"zw-line-content\"><span class=\"zw-portion zw-text-portion\" data-text-len=\"96\">l&rsquo;observateur\u00a0n&rsquo;interf\u00e9reront\u00a0pas\u00a0avec\u00a0des\u00a0lectures\u00a0pr\u00e9cises.\u00a0Vous\u00a0pouvez\u00a0ainsi\u00a0concentrer\u00a0votre<\/span><span class=\"zw-portion zw-text-portion\" data-text-len=\"1\">\u00a0<\/span><\/div>\n<\/div>\n<div class=\"zw-line-div\">\n<div class=\"zw-line-content\"><span class=\"zw-portion zw-text-portion\" data-text-len=\"64\">attention\u00a0l\u00e0\u00a0o\u00f9\u00a0elle\u00a0est\u00a0la\u00a0plus\u00a0importante\u00a0:\u00a0sur\u00a0votre\u00a0patient.<\/span><span class=\"EOP-readonly EOP\">\u00a0<\/span><\/div>\n<\/div>\n<\/div>\n<div class=\"zw-paragraph\" data-width=\"624\" data-textformat=\"{&quot;size&quot;:12}\">\n<div class=\"zw-line-div\">\n<div class=\"zw-line-content\"><span class=\"zw-portion zw-text-portion\" data-text-len=\"98\">Que\u00a0ce\u00a0soit\u00a0pour\u00a0un\u00a0test\u00a0sur\u00a0tapis\u00a0roulant,\u00a0un\u00a0ergom\u00e8tre\u00a0ou\u00a0un\u00a0test\u00a0\u00e0\u00a0l\u2019effort\u00a0pharmacologique,\u00a0le<\/span><span class=\"zw-portion zw-text-portion\" data-text-len=\"1\">\u00a0<\/span><\/div>\n<\/div>\n<div class=\"zw-line-div\">\n<div class=\"zw-line-content\"><span class=\"zw-portion zw-text-portion\" data-text-len=\"94\">Tango\u00a0M2\u00a0surveille\u00a0de\u00a0mani\u00e8re\u00a0fiable\u00a0la\u00a0PA,\u00a0vous\u00a0permettant\u00a0ainsi\u00a0de\u00a0vous\u00a0concentrer\u00a0sur\u00a0votre<\/span><span class=\"zw-portion zw-text-portion\" data-text-len=\"1\">\u00a0<\/span><\/div>\n<\/div>\n<div class=\"zw-line-div\">\n<div class=\"zw-line-content\"><span class=\"zw-portion zw-text-portion\" data-text-len=\"92\">patient.\u00a0Le\u00a0Tango\u00a0M2\u00a0a\u00a0\u00e9t\u00e9\u00a0sp\u00e9cifiquement\u00a0con\u00e7u\u00a0pour\u00a0surmonter\u00a0les\u00a0bruits,\u00a0les\u00a0mouvements\u00a0et<\/span><span class=\"zw-portion zw-text-portion\" data-text-len=\"1\">\u00a0<\/span><\/div>\n<\/div>\n<div class=\"zw-line-div\">\n<div class=\"zw-line-content\"><span class=\"zw-portion zw-text-portion\" data-text-len=\"80\">les\u00a0difficult\u00e9s\u00a0physiques\u00a0associ\u00e9s\u00a0aux\u00a0tests\u00a0\u00e0\u00a0l\u2019effort\u00a0cardiaque\u00a0et\u00a0d&rsquo;exercice.<\/span><span class=\"EOP-readonly EOP\">\u00a0<\/span><\/div>\n<\/div>\n<\/div>\n<div class=\"zw-paragraph\" data-width=\"624\" data-textformat=\"{&quot;size&quot;:12}\">\n<div class=\"zw-line-div\">\n<div class=\"zw-line-content\"><span class=\"zw-portion zw-text-portion\" data-text-len=\"96\">Enregistrer\u00a0une\u00a0mesure\u00a0pr\u00e9cise\u00a0et\u00a0fiable\u00a0de\u00a0la\u00a0PA\u00a0aux\u00a0bons\u00a0intervalles\u00a0pendant\u00a0un\u00a0test\u00a0peut\u00a0\u00eatre<\/span><span class=\"zw-portion zw-text-portion\" data-text-len=\"1\">\u00a0<\/span><\/div>\n<\/div>\n<div class=\"zw-line-div\">\n<div class=\"zw-line-content\"><span class=\"zw-portion zw-text-portion\" data-text-len=\"101\">difficile\u00a0et\u00a0stressant\u00a0pour\u00a0les\u00a0cliniciens\u00a0et\u00a0les\u00a0techniciens\u00a0de\u00a0laboratoire.\u00a0C&rsquo;est\u00a0pourquoi\u00a0le\u00a0Tango<\/span><span class=\"zw-portion zw-text-portion\" data-text-len=\"1\">\u00a0<\/span><\/div>\n<\/div>\n<div class=\"zw-line-div\">\n<div class=\"zw-line-content\"><span class=\"zw-portion zw-text-portion\" data-text-len=\"90\">M2\u00a0peut\u00a0\u00eatre\u00a0programm\u00e9\u00a0pour\u00a0prendre\u00a0une\u00a0lecture\u00a0pr\u00e9cise\u00a0au\u00a0moment\u00a0appropri\u00e9\u00a0et\u00a0initier\u00a0les<\/span><span class=\"zw-portion zw-text-portion\" data-text-len=\"1\">\u00a0<\/span><\/div>\n<\/div>\n<div class=\"zw-line-div\">\n<div class=\"zw-line-content\"><span class=\"zw-portion zw-text-portion\" data-text-len=\"94\">lectures\u00a0au\u00a0moment\u00a0exact\u00a0pendant\u00a0chaque\u00a0\u00e9tape,\u00a0ce\u00a0qui\u00a0augmente\u00a0la\u00a0fiabilit\u00e9\u00a0des\u00a0mesures.\u00a0Con\u00e7u<\/span><span class=\"zw-portion zw-text-portion\" data-text-len=\"1\">\u00a0<\/span><\/div>\n<\/div>\n<div class=\"zw-line-div\">\n<div class=\"zw-line-content\"><span class=\"zw-portion zw-text-portion\" data-text-len=\"97\">pour\u00a0\u00eatre\u00a0utilis\u00e9\u00a0avec\u00a0notre\u00a0brassard\u00a0Orbit-K,\u00a0le\u00a0Tango\u00a0M2\u00a0utilise\u00a0notre\u00a0algorithme\u00a0exclusif\u00a0DKA,<\/span><span class=\"zw-portion zw-text-portion\" data-text-len=\"1\">\u00a0<\/span><\/div>\n<\/div>\n<div class=\"zw-line-div\">\n<div class=\"zw-line-content\"><span class=\"zw-portion zw-text-portion\" data-text-len=\"97\">offrant\u00a0des\u00a0performances\u00a0exceptionnelles\u00a0dans\u00a0l&rsquo;environnement\u00a0difficile\u00a0du\u00a0laboratoire\u00a0de\u00a0stress.<\/span><span class=\"EOP-readonly EOP\">\u00a0<\/span><\/div>\n<\/div>\n<\/div>\n<div class=\"zw-paragraph\" data-width=\"624\" data-textformat=\"{&quot;size&quot;:12}\">\n<div class=\"zw-line-div\">\n<div class=\"zw-line-content\"><span class=\"zw-portion zw-text-portion\" data-text-len=\"29\">Caract\u00e9ristiques\u00a0et\u00a0Avantages<\/span><span class=\"EOP-readonly EOP\">\u00a0<\/span><\/div>\n<\/div>\n<\/div>\n<div class=\"zw-paragraph\" data-width=\"624\" data-tabpoints=\"[{&quot;leader&quot;:0,&quot;id&quot;:&quot;00&quot;,&quot;align&quot;:0,&quot;point&quot;:&quot;0.5in&quot;}]\" data-textformat=\"{&quot;size&quot;:12}\">\n<div class=\"zw-line-div\">\n<div class=\"zw-line-content\"><span class=\"zw-bullet zw-bullet-unorder-list\">\u2219<\/span><span class=\"zw-portion zw-text-portion\" data-text-len=\"24\">Int\u00e9gration\u00a0transparente<\/span><span class=\"zw-portion zw-text-portion\" data-text-len=\"60\">\u00a0:\u00a0La\u00a0communication\u00a0automatis\u00e9e\u00a0avec\u00a0votre\u00a0syst\u00e8me\u00a0de\u00a0stress<\/span><span class=\"zw-portion zw-text-portion\" data-text-len=\"1\">\u00a0<\/span><\/div>\n<\/div>\n<div class=\"zw-line-div\">\n<div class=\"zw-line-content\"><span class=\"zw-portion zw-text-portion\" data-text-len=\"44\">r\u00e9duit\u00a0le\u00a0risque\u00a0d&rsquo;erreurs\u00a0de\u00a0transcription.<\/span><span class=\"EOP-readonly EOP\">\u00a0<\/span><\/div>\n<\/div>\n<\/div>\n<div class=\"zw-paragraph\" data-width=\"624\" data-tabpoints=\"[{&quot;leader&quot;:0,&quot;id&quot;:&quot;00&quot;,&quot;align&quot;:0,&quot;point&quot;:&quot;0.5in&quot;}]\" data-textformat=\"{&quot;size&quot;:12}\">\n<div class=\"zw-line-div\">\n<div class=\"zw-line-content\"><span class=\"zw-bullet zw-bullet-unorder-list\">\u2219<\/span><span class=\"zw-portion zw-text-portion\" data-text-len=\"21\">Mode\u00a0PA\u00a0sans\u00a0exercice<\/span><span class=\"zw-portion zw-text-portion\" data-text-len=\"57\">\u00a0:\u00a0Permet\u00a0la\u00a0mesure\u00a0de\u00a0la\u00a0PA\u00a0pendant\u00a0l&rsquo;installation\u00a0et\u00a0la<\/span><span class=\"zw-portion zw-text-portion\" data-text-len=\"1\">\u00a0<\/span><\/div>\n<\/div>\n<div class=\"zw-line-div\">\n<div class=\"zw-line-content\"><span class=\"zw-portion zw-text-portion\" data-text-len=\"41\">r\u00e9cup\u00e9ration\u00a0du\u00a0patient,\u00a0sans\u00a0signal\u00a0ECG.<\/span><span class=\"EOP-readonly EOP\">\u00a0<\/span><\/div>\n<\/div>\n<\/div>\n<div class=\"zw-paragraph\" data-width=\"624\" data-tabpoints=\"[{&quot;leader&quot;:0,&quot;id&quot;:&quot;00&quot;,&quot;align&quot;:0,&quot;point&quot;:&quot;0.5in&quot;}]\" data-textformat=\"{&quot;size&quot;:12}\">\n<div class=\"zw-line-div\">\n<div class=\"zw-line-content\"><span class=\"zw-bullet zw-bullet-unorder-list\">\u2219<\/span><span class=\"zw-portion zw-text-portion\" data-text-len=\"9\">Mode\u00a0Stat<\/span><span class=\"zw-portion zw-text-portion\" data-text-len=\"72\">\u00a0:\u00a0Mesures\u00a0automatiques\u00a0r\u00e9p\u00e9t\u00e9es\u00a0et\u00a0rapides\u00a0de\u00a0la\u00a0PA\u00a0pour\u00a0les\u00a0situations<\/span><span class=\"zw-portion zw-text-portion\" data-text-len=\"1\">\u00a0<\/span><\/div>\n<\/div>\n<div class=\"zw-line-div\">\n<div class=\"zw-line-content\"><span class=\"zw-portion zw-text-portion\" data-text-len=\"31\">urgentes\u00a0et\u00a0sensibles\u00a0au\u00a0temps.<\/span><span class=\"EOP-readonly EOP\">\u00a0<\/span><\/div>\n<\/div>\n<\/div>\n<div class=\"zw-paragraph\" data-width=\"624\" data-tabpoints=\"[{&quot;leader&quot;:0,&quot;id&quot;:&quot;00&quot;,&quot;align&quot;:0,&quot;point&quot;:&quot;0.5in&quot;}]\" data-textformat=\"{&quot;size&quot;:12}\">\n<div class=\"zw-line-div\">\n<div class=\"zw-line-content\"><span class=\"zw-bullet zw-bullet-unorder-list\">\u2219<\/span><span class=\"zw-portion zw-text-portion\" data-text-len=\"17\">\u00c9cran\u00a0LCD\u00a0couleur<\/span><span class=\"zw-portion zw-text-portion\" data-text-len=\"61\">\u00a0:\u00a0Am\u00e9lioration\u00a0de\u00a0l&rsquo;ergonomie\u00a0avec\u00a0un\u00a0\u00e9cran\u00a0LCD\u00a0couleur\u00a0de\u00a07<\/span><span class=\"zw-portion zw-text-portion\" data-text-len=\"1\">\u00a0<\/span><\/div>\n<\/div>\n<div class=\"zw-line-div\">\n<div class=\"zw-line-content\"><span class=\"zw-portion zw-text-portion\" data-text-len=\"7\">pouces.<\/span><span class=\"EOP-readonly EOP\">\u00a0<\/span><\/div>\n<\/div>\n<\/div>\n<div class=\"zw-paragraph\" data-width=\"624\" data-tabpoints=\"[{&quot;leader&quot;:0,&quot;id&quot;:&quot;00&quot;,&quot;align&quot;:0,&quot;point&quot;:&quot;0.5in&quot;}]\" data-textformat=\"{&quot;size&quot;:12}\">\n<div class=\"zw-line-div\">\n<div class=\"zw-line-content\"><span class=\"zw-bullet zw-bullet-unorder-list\">\u2219<\/span><span class=\"zw-portion zw-text-portion\" data-text-len=\"17\">Mesures\u00a0v\u00e9rifi\u00e9es<\/span><span class=\"zw-portion zw-text-portion\" data-text-len=\"62\">\u00a0:\u00a0Visualisez\u00a0les\u00a0bruits\u00a0de\u00a0Korotkoff\u00a0sur\u00a0l&rsquo;\u00e9cran\u00a0d&rsquo;affichage.<\/span><span class=\"EOP-readonly EOP\">\u00a0<\/span><\/div>\n<\/div>\n<\/div>\n<div class=\"zw-paragraph\" data-width=\"624\" data-tabpoints=\"[{&quot;leader&quot;:0,&quot;id&quot;:&quot;00&quot;,&quot;align&quot;:0,&quot;point&quot;:&quot;0.5in&quot;}]\" data-textformat=\"{&quot;size&quot;:12}\">\n<div class=\"zw-line-div\">\n<div class=\"zw-line-content\"><span class=\"zw-bullet zw-bullet-unorder-list\">\u2219<\/span><span class=\"zw-portion zw-text-portion\" data-text-len=\"24\">R\u00e9cup\u00e9ration\u00a0des\u00a0donn\u00e9es<\/span><span class=\"zw-portion zw-text-portion\" data-text-len=\"59\">\u00a0:\u00a0R\u00e9solution\u00a0des\u00a0probl\u00e8mes\u00a0facilit\u00e9e\u00a0gr\u00e2ce\u00a0\u00e0\u00a0la\u00a0m\u00e9moire\u00a0de<\/span><span class=\"zw-portion zw-text-portion\" data-text-len=\"1\">\u00a0<\/span><\/div>\n<\/div>\n<div class=\"zw-line-div\">\n<div class=\"zw-line-content\"><span class=\"zw-portion zw-text-portion\" data-text-len=\"68\">300\u00a0lectures\u00a0de\u00a0PA\u00a0et\u00a0\u00e0\u00a0la\u00a0capacit\u00e9\u00a0USB\u00a0de\u00a0r\u00e9cup\u00e9ration\u00a0des\u00a0mesures.<\/span><span class=\"EOP-readonly EOP\">\u00a0<\/span><\/div>\n<\/div>\n<\/div>\n<div class=\"zw-paragraph\" data-width=\"624\" data-tabpoints=\"[{&quot;leader&quot;:0,&quot;id&quot;:&quot;00&quot;,&quot;align&quot;:0,&quot;point&quot;:&quot;0.5in&quot;}]\" data-textformat=\"{&quot;size&quot;:12}\">\n<div class=\"zw-line-div\">\n<div class=\"zw-line-content\"><span class=\"zw-bullet zw-bullet-unorder-list\">\u2219<\/span><span class=\"zw-portion zw-text-portion\" data-text-len=\"29\">Mises\u00a0\u00e0\u00a0niveau\u00a0sur\u00a0le\u00a0terrain<\/span><span class=\"zw-portion zw-text-portion\" data-text-len=\"56\">\u00a0:\u00a0Le\u00a0port\u00a0USB\u00a0permet\u00a0des\u00a0mises\u00a0\u00e0\u00a0niveau\u00a0sur\u00a0le\u00a0terrain,<\/span><span class=\"zw-portion zw-text-portion\" data-text-len=\"1\">\u00a0<\/span><\/div>\n<\/div>\n<div class=\"zw-line-div\">\n<div class=\"zw-line-content\"><span class=\"zw-portion zw-text-portion\" data-text-len=\"80\">garantissant\u00a0que\u00a0les\u00a0utilisateurs\u00a0disposent\u00a0toujours\u00a0du\u00a0logiciel\u00a0le\u00a0plus\u00a0r\u00e9cent.<\/span><span class=\"EOP-readonly EOP\">\u00a0<\/span><\/div>\n<\/div>\n<\/div>\n<div class=\"zw-paragraph\" data-width=\"624\" data-textformat=\"{&quot;size&quot;:12}\">\n<div class=\"zw-line-div\">\n<div class=\"zw-line-content\"><span class=\"zw-portion zw-text-portion\" data-text-len=\"7\">Options<\/span><span class=\"EOP-readonly EOP\">\u00a0<\/span><\/div>\n<\/div>\n<\/div>\n<div class=\"zw-paragraph\" data-width=\"624\" data-tabpoints=\"[{&quot;leader&quot;:0,&quot;id&quot;:&quot;00&quot;,&quot;align&quot;:0,&quot;point&quot;:&quot;0.5in&quot;}]\" data-textformat=\"{&quot;size&quot;:12}\">\n<div class=\"zw-line-div\">\n<div class=\"zw-line-content\"><span class=\"zw-bullet zw-bullet-unorder-list\">\u2219<\/span><span class=\"zw-portion zw-text-portion\" data-text-len=\"38\">Kits\u00a0\u00e0\u00a0usage\u00a0unique\u00a0pour\u00a0patient\u00a0(SPU)<\/span><span class=\"zw-portion zw-text-portion\" data-text-len=\"41\">\u00a0pour\u00a0un\u00a0meilleur\u00a0contr\u00f4le\u00a0des\u00a0infections<\/span><span class=\"EOP-readonly EOP\">\u00a0<\/span><\/div>\n<\/div>\n<\/div>\n<div class=\"zw-paragraph\" data-width=\"624\" data-tabpoints=\"[{&quot;leader&quot;:0,&quot;id&quot;:&quot;00&quot;,&quot;align&quot;:0,&quot;point&quot;:&quot;0.5in&quot;}]\" data-textformat=\"{&quot;size&quot;:12}\">\n<div class=\"zw-line-div\">\n<div class=\"zw-line-content\"><span class=\"zw-bullet zw-bullet-unorder-list\">\u2219<\/span><span class=\"zw-portion zw-text-portion\" data-text-len=\"25\">Oxim\u00e9trie\u00a0de\u00a0pouls\u00a0(SpO2)<\/span><span class=\"EOP-readonly EOP\">\u00a0<\/span><\/div>\n<\/div>\n<\/div>\n<\/div>\n<\/div>\n<\/div>\n<\/div>\n<\/div>\n<\/div>\n<\/div>\n<div class=\"zw-paginated zw-page ui-1056-816-portrait\">\n<div class=\"zw-pagecontainer\">\n<div class=\"zw-content-wrapper\">\n<div class=\"selectableSection zw-contentpane\">\n<div>\n<div class=\"zw-column-container\">\n<div class=\"zw-column\">\n<div class=\"zw-paragraph\" data-width=\"624\" data-tabpoints=\"[{&quot;leader&quot;:0,&quot;id&quot;:&quot;00&quot;,&quot;align&quot;:0,&quot;point&quot;:&quot;0.5in&quot;}]\" data-textformat=\"{&quot;size&quot;:12}\">\n<div class=\"zw-line-div\">\n<div class=\"zw-line-content\"><span class=\"zw-bullet zw-bullet-unorder-list\">\u2219<\/span><span class=\"zw-portion zw-text-portion\" data-text-len=\"11\">ECG\u00a0interne<\/span><span class=\"EOP-readonly EOP\">\u00a0<\/span><\/div>\n<\/div>\n<\/div>\n<\/div>\n<\/div>\n<\/div>\n<\/div>\n<\/div>\n<\/div>\n<\/div>\n","protected":false},"excerpt":{"rendered":"<div class=\"zw-line-div\">\n<div class=\"zw-line-content\"><span class=\"zw-portion zw-text-portion\" data-text-len=\"95\">Nos\u00a0produits\u00a0de\u00a0surveillance\u00a0de\u00a0la\u00a0pression\u00a0art\u00e9rielle\u00a0(PA)\u00a0en\u00a0stress\u00a0cardiaque\u00a0vous\u00a0offrent\u00a0la<\/span><span class=\"zw-portion zw-text-portion\" data-text-len=\"1\">\u00a0<\/span><\/div>\n<\/div>\n<div class=\"zw-line-div\">\n<div class=\"zw-line-content\"><span class=\"zw-portion zw-text-portion\" data-text-len=\"89\">certitude\u00a0que\u00a0les\u00a0mouvements\u00a0des\u00a0patients,\u00a0les\u00a0vibrations\u00a0m\u00e9caniques\u00a0et\u00a0la\u00a0variabilit\u00e9\u00a0de<\/span><span class=\"zw-portion zw-text-portion\" data-text-len=\"1\">\u00a0<\/span><\/div>\n<\/div>\n<div class=\"zw-line-div\">\n<div class=\"zw-line-content\"><span class=\"zw-portion zw-text-portion\" data-text-len=\"96\">l&rsquo;observateur\u00a0n&rsquo;interf\u00e9reront\u00a0pas\u00a0avec\u00a0des\u00a0lectures\u00a0pr\u00e9cises.\u00a0Vous\u00a0pouvez\u00a0ainsi\u00a0concentrer\u00a0votre<\/span><span class=\"zw-portion zw-text-portion\" data-text-len=\"1\">\u00a0<\/span><\/div>\n<\/div>\n<div class=\"zw-line-div\">\n<div class=\"zw-line-content\"><span class=\"zw-portion zw-text-portion\" data-text-len=\"64\">attention\u00a0l\u00e0\u00a0o\u00f9\u00a0elle\u00a0est\u00a0la\u00a0plus\u00a0importante\u00a0:\u00a0sur\u00a0votre\u00a0patient.<\/span><span class=\"EOP-readonly EOP\">\u00a0<\/span><\/div>\n<\/div>\n","protected":false},"featured_media":3415,"comment_status":"open","ping_status":"closed","template":"","meta":[],"product_brand":[],"product_cat":[18,88,103,98],"product_tag":[72,105],"class_list":{"0":"post-3416","1":"product","2":"type-product","3":"status-publish","4":"has-post-thumbnail","6":"product_cat-all-products","7":"product_cat-metabolic","8":"product_cat-metabolique","9":"product_cat-tous-les-produits","10":"product_tag-bp-monitoring","13":"first","14":"instock","15":"virtual","16":"purchasable","17":"product-type-simple"},"yoast_head":"<!-- This site is optimized with the Yoast SEO plugin v27.4 - https:\/\/yoast.com\/product\/yoast-seo-wordpress\/ -->\n<title>SunTech Tango M2 - Quadromed<\/title>\n<meta name=\"robots\" content=\"index, follow, max-snippet:-1, max-image-preview:large, max-video-preview:-1\" \/>\n<link rel=\"canonical\" href=\"https:\/\/www.quadromed.com\/product\/suntech-tango-m2\/\" \/>\n<meta property=\"og:locale\" content=\"fr_FR\" \/>\n<meta property=\"og:type\" content=\"article\" \/>\n<meta property=\"og:title\" content=\"SunTech Tango M2 - Quadromed\" \/>\n<meta property=\"og:description\" content=\"Nos\u00a0produits\u00a0de\u00a0surveillance\u00a0de\u00a0la\u00a0pression\u00a0art\u00e9rielle\u00a0(PA)\u00a0en\u00a0stress\u00a0cardiaque\u00a0vous\u00a0offrent\u00a0la\u00a0   certitude\u00a0que\u00a0les\u00a0mouvements\u00a0des\u00a0patients,\u00a0les\u00a0vibrations\u00a0m\u00e9caniques\u00a0et\u00a0la\u00a0variabilit\u00e9\u00a0de\u00a0   l&#039;observateur\u00a0n&#039;interf\u00e9reront\u00a0pas\u00a0avec\u00a0des\u00a0lectures\u00a0pr\u00e9cises.\u00a0Vous\u00a0pouvez\u00a0ainsi\u00a0concentrer\u00a0votre\u00a0   attention\u00a0l\u00e0\u00a0o\u00f9\u00a0elle\u00a0est\u00a0la\u00a0plus\u00a0importante\u00a0:\u00a0sur\u00a0votre\u00a0patient.\u00a0\" \/>\n<meta property=\"og:url\" content=\"https:\/\/www.quadromed.com\/product\/suntech-tango-m2\/\" \/>\n<meta property=\"og:site_name\" content=\"Quadromed\" \/>\n<meta property=\"og:image\" content=\"https:\/\/www.quadromed.com\/wp-content\/uploads\/2025\/03\/TangoM2.jpg\" \/>\n\t<meta property=\"og:image:width\" content=\"800\" \/>\n\t<meta property=\"og:image:height\" content=\"600\" \/>\n\t<meta property=\"og:image:type\" content=\"image\/jpeg\" \/>\n<meta name=\"twitter:card\" content=\"summary_large_image\" \/>\n<meta name=\"twitter:label1\" content=\"Dur\u00e9e de lecture estim\u00e9e\" \/>\n\t<meta name=\"twitter:data1\" content=\"2 minutes\" \/>\n<script type=\"application\/ld+json\" class=\"yoast-schema-graph\">{\"@context\":\"https:\\\/\\\/schema.org\",\"@graph\":[{\"@type\":\"WebPage\",\"@id\":\"https:\\\/\\\/www.quadromed.com\\\/product\\\/suntech-tango-m2\\\/\",\"url\":\"https:\\\/\\\/www.quadromed.com\\\/product\\\/suntech-tango-m2\\\/\",\"name\":\"SunTech Tango M2 - Quadromed\",\"isPartOf\":{\"@id\":\"https:\\\/\\\/www.quadromed.com\\\/#website\"},\"primaryImageOfPage\":{\"@id\":\"https:\\\/\\\/www.quadromed.com\\\/product\\\/suntech-tango-m2\\\/#primaryimage\"},\"image\":{\"@id\":\"https:\\\/\\\/www.quadromed.com\\\/product\\\/suntech-tango-m2\\\/#primaryimage\"},\"thumbnailUrl\":\"https:\\\/\\\/www.quadromed.com\\\/wp-content\\\/uploads\\\/2025\\\/03\\\/TangoM2.jpg\",\"datePublished\":\"2025-03-25T19:46:34+00:00\",\"breadcrumb\":{\"@id\":\"https:\\\/\\\/www.quadromed.com\\\/product\\\/suntech-tango-m2\\\/#breadcrumb\"},\"inLanguage\":\"fr-FR\",\"potentialAction\":[{\"@type\":\"ReadAction\",\"target\":[\"https:\\\/\\\/www.quadromed.com\\\/product\\\/suntech-tango-m2\\\/\"]}]},{\"@type\":\"ImageObject\",\"inLanguage\":\"fr-FR\",\"@id\":\"https:\\\/\\\/www.quadromed.com\\\/product\\\/suntech-tango-m2\\\/#primaryimage\",\"url\":\"https:\\\/\\\/www.quadromed.com\\\/wp-content\\\/uploads\\\/2025\\\/03\\\/TangoM2.jpg\",\"contentUrl\":\"https:\\\/\\\/www.quadromed.com\\\/wp-content\\\/uploads\\\/2025\\\/03\\\/TangoM2.jpg\",\"width\":800,\"height\":600},{\"@type\":\"BreadcrumbList\",\"@id\":\"https:\\\/\\\/www.quadromed.com\\\/product\\\/suntech-tango-m2\\\/#breadcrumb\",\"itemListElement\":[{\"@type\":\"ListItem\",\"position\":1,\"name\":\"Home\",\"item\":\"https:\\\/\\\/www.quadromed.com\\\/fr\\\/\"},{\"@type\":\"ListItem\",\"position\":2,\"name\":\"Boutique\",\"item\":\"https:\\\/\\\/www.quadromed.com\\\/fr\\\/boutique\\\/\"},{\"@type\":\"ListItem\",\"position\":3,\"name\":\"SunTech Tango M2\"}]},{\"@type\":\"WebSite\",\"@id\":\"https:\\\/\\\/www.quadromed.com\\\/#website\",\"url\":\"https:\\\/\\\/www.quadromed.com\\\/\",\"name\":\"Quadromed\",\"description\":\"\",\"potentialAction\":[{\"@type\":\"SearchAction\",\"target\":{\"@type\":\"EntryPoint\",\"urlTemplate\":\"https:\\\/\\\/www.quadromed.com\\\/?s={search_term_string}\"},\"query-input\":{\"@type\":\"PropertyValueSpecification\",\"valueRequired\":true,\"valueName\":\"search_term_string\"}}],\"inLanguage\":\"fr-FR\"}]}<\/script>\n<!-- \/ Yoast SEO plugin. -->","yoast_head_json":{"title":"SunTech Tango M2 - Quadromed","robots":{"index":"index","follow":"follow","max-snippet":"max-snippet:-1","max-image-preview":"max-image-preview:large","max-video-preview":"max-video-preview:-1"},"canonical":"https:\/\/www.quadromed.com\/product\/suntech-tango-m2\/","og_locale":"fr_FR","og_type":"article","og_title":"SunTech Tango M2 - Quadromed","og_description":"Nos\u00a0produits\u00a0de\u00a0surveillance\u00a0de\u00a0la\u00a0pression\u00a0art\u00e9rielle\u00a0(PA)\u00a0en\u00a0stress\u00a0cardiaque\u00a0vous\u00a0offrent\u00a0la\u00a0   certitude\u00a0que\u00a0les\u00a0mouvements\u00a0des\u00a0patients,\u00a0les\u00a0vibrations\u00a0m\u00e9caniques\u00a0et\u00a0la\u00a0variabilit\u00e9\u00a0de\u00a0   l'observateur\u00a0n'interf\u00e9reront\u00a0pas\u00a0avec\u00a0des\u00a0lectures\u00a0pr\u00e9cises.\u00a0Vous\u00a0pouvez\u00a0ainsi\u00a0concentrer\u00a0votre\u00a0   attention\u00a0l\u00e0\u00a0o\u00f9\u00a0elle\u00a0est\u00a0la\u00a0plus\u00a0importante\u00a0:\u00a0sur\u00a0votre\u00a0patient.\u00a0","og_url":"https:\/\/www.quadromed.com\/product\/suntech-tango-m2\/","og_site_name":"Quadromed","og_image":[{"width":800,"height":600,"url":"https:\/\/www.quadromed.com\/wp-content\/uploads\/2025\/03\/TangoM2.jpg","type":"image\/jpeg"}],"twitter_card":"summary_large_image","twitter_misc":{"Dur\u00e9e de lecture estim\u00e9e":"2 minutes"},"schema":{"@context":"https:\/\/schema.org","@graph":[{"@type":"WebPage","@id":"https:\/\/www.quadromed.com\/product\/suntech-tango-m2\/","url":"https:\/\/www.quadromed.com\/product\/suntech-tango-m2\/","name":"SunTech Tango M2 - Quadromed","isPartOf":{"@id":"https:\/\/www.quadromed.com\/#website"},"primaryImageOfPage":{"@id":"https:\/\/www.quadromed.com\/product\/suntech-tango-m2\/#primaryimage"},"image":{"@id":"https:\/\/www.quadromed.com\/product\/suntech-tango-m2\/#primaryimage"},"thumbnailUrl":"https:\/\/www.quadromed.com\/wp-content\/uploads\/2025\/03\/TangoM2.jpg","datePublished":"2025-03-25T19:46:34+00:00","breadcrumb":{"@id":"https:\/\/www.quadromed.com\/product\/suntech-tango-m2\/#breadcrumb"},"inLanguage":"fr-FR","potentialAction":[{"@type":"ReadAction","target":["https:\/\/www.quadromed.com\/product\/suntech-tango-m2\/"]}]},{"@type":"ImageObject","inLanguage":"fr-FR","@id":"https:\/\/www.quadromed.com\/product\/suntech-tango-m2\/#primaryimage","url":"https:\/\/www.quadromed.com\/wp-content\/uploads\/2025\/03\/TangoM2.jpg","contentUrl":"https:\/\/www.quadromed.com\/wp-content\/uploads\/2025\/03\/TangoM2.jpg","width":800,"height":600},{"@type":"BreadcrumbList","@id":"https:\/\/www.quadromed.com\/product\/suntech-tango-m2\/#breadcrumb","itemListElement":[{"@type":"ListItem","position":1,"name":"Home","item":"https:\/\/www.quadromed.com\/fr\/"},{"@type":"ListItem","position":2,"name":"Boutique","item":"https:\/\/www.quadromed.com\/fr\/boutique\/"},{"@type":"ListItem","position":3,"name":"SunTech Tango M2"}]},{"@type":"WebSite","@id":"https:\/\/www.quadromed.com\/#website","url":"https:\/\/www.quadromed.com\/","name":"Quadromed","description":"","potentialAction":[{"@type":"SearchAction","target":{"@type":"EntryPoint","urlTemplate":"https:\/\/www.quadromed.com\/?s={search_term_string}"},"query-input":{"@type":"PropertyValueSpecification","valueRequired":true,"valueName":"search_term_string"}}],"inLanguage":"fr-FR"}]}},"_links":{"self":[{"href":"https:\/\/www.quadromed.com\/fr\/wp-json\/wp\/v2\/product\/3416","targetHints":{"allow":["GET"]}}],"collection":[{"href":"https:\/\/www.quadromed.com\/fr\/wp-json\/wp\/v2\/product"}],"about":[{"href":"https:\/\/www.quadromed.com\/fr\/wp-json\/wp\/v2\/types\/product"}],"replies":[{"embeddable":true,"href":"https:\/\/www.quadromed.com\/fr\/wp-json\/wp\/v2\/comments?post=3416"}],"wp:featuredmedia":[{"embeddable":true,"href":"https:\/\/www.quadromed.com\/fr\/wp-json\/wp\/v2\/media\/3415"}],"wp:attachment":[{"href":"https:\/\/www.quadromed.com\/fr\/wp-json\/wp\/v2\/media?parent=3416"}],"wp:term":[{"taxonomy":"product_brand","embeddable":true,"href":"https:\/\/www.quadromed.com\/fr\/wp-json\/wp\/v2\/product_brand?post=3416"},{"taxonomy":"product_cat","embeddable":true,"href":"https:\/\/www.quadromed.com\/fr\/wp-json\/wp\/v2\/product_cat?post=3416"},{"taxonomy":"product_tag","embeddable":true,"href":"https:\/\/www.quadromed.com\/fr\/wp-json\/wp\/v2\/product_tag?post=3416"}],"curies":[{"name":"wp","href":"https:\/\/api.w.org\/{rel}","templated":true}]}}