{"id":3984,"date":"2026-04-15T20:29:48","date_gmt":"2026-04-15T20:29:48","guid":{"rendered":"https:\/\/www.quadromed.com\/conditions-dutilisation\/"},"modified":"2026-04-15T20:41:20","modified_gmt":"2026-04-15T20:41:20","slug":"conditions-dutilisation","status":"publish","type":"page","link":"https:\/\/www.quadromed.com\/fr\/conditions-dutilisation\/","title":{"rendered":"Conditions d\u2019utilisation"},"content":{"rendered":"\t\t<div data-elementor-type=\"wp-page\" data-elementor-id=\"3984\" class=\"elementor elementor-3984 elementor-3971\" data-elementor-post-type=\"page\">\n\t\t\t\t<div class=\"elementor-element elementor-element-862a9b9 e-flex e-con-boxed e-con e-parent\" data-id=\"862a9b9\" data-element_type=\"container\" data-e-type=\"container\" data-settings=\"{&quot;background_background&quot;:&quot;classic&quot;}\">\n\t\t\t\t\t<div class=\"e-con-inner\">\n\t\t<div class=\"elementor-element elementor-element-9ed584c e-con-full e-flex e-con e-child\" data-id=\"9ed584c\" data-element_type=\"container\" data-e-type=\"container\">\n\t\t\t\t<div class=\"elementor-element elementor-element-65b3e46 elementor-widget__width-inherit elementor-widget elementor-widget-heading\" data-id=\"65b3e46\" data-element_type=\"widget\" data-e-type=\"widget\" data-widget_type=\"heading.default\">\n\t\t\t\t<div class=\"elementor-widget-container\">\n\t\t\t\t\t<h2 class=\"elementor-heading-title elementor-size-default\">Conditions d\u2019utilisation <\/h2>\t\t\t\t<\/div>\n\t\t\t\t<\/div>\n\t\t\t\t<\/div>\n\t\t\t\t\t<\/div>\n\t\t\t\t<\/div>\n\t\t<div class=\"elementor-element elementor-element-0dbc534 e-flex e-con-boxed e-con e-parent\" data-id=\"0dbc534\" data-element_type=\"container\" data-e-type=\"container\" data-settings=\"{&quot;background_background&quot;:&quot;classic&quot;}\">\n\t\t\t\t\t<div class=\"e-con-inner\">\n\t\t<div class=\"elementor-element elementor-element-7f22bbd e-con-full e-flex e-con e-child\" data-id=\"7f22bbd\" data-element_type=\"container\" data-e-type=\"container\">\n\t\t\t\t<div class=\"elementor-element elementor-element-40cd12f elementor-widget__width-inherit elementor-invisible elementor-widget elementor-widget-heading\" data-id=\"40cd12f\" data-element_type=\"widget\" data-e-type=\"widget\" data-settings=\"{&quot;_animation&quot;:&quot;fadeIn&quot;,&quot;_animation_delay&quot;:200}\" data-widget_type=\"heading.default\">\n\t\t\t\t<div class=\"elementor-widget-container\">\n\t\t\t\t\t<h2 class=\"elementor-heading-title elementor-size-default\">Conditions d\u2019utilisation <\/h2>\t\t\t\t<\/div>\n\t\t\t\t<\/div>\n\t\t\t\t<div class=\"elementor-element elementor-element-2d05b6a elementor-widget__width-inherit elementor-invisible elementor-widget elementor-widget-text-editor\" data-id=\"2d05b6a\" data-element_type=\"widget\" data-e-type=\"widget\" data-settings=\"{&quot;_animation&quot;:&quot;fadeIn&quot;,&quot;_animation_delay&quot;:400}\" data-widget_type=\"text-editor.default\">\n\t\t\t\t<div class=\"elementor-widget-container\">\n\t\t\t\t\t\t\t\t\t<p>Les pr\u00e9sentes Conditions d\u2019utilisation (\u00ab Conditions \u00bb) r\u00e9gissent votre utilisation du site web de Quadromed. En acc\u00e9dant \u00e0 ce site ou en l\u2019utilisant, vous acceptez d\u2019\u00eatre li\u00e9 par ces Conditions.<\/p>\n<h3><strong>1. Utilisation du site web<\/strong><\/h3>\n<p>Vous vous engagez \u00e0 utiliser ce site web uniquement \u00e0 des fins l\u00e9gales et d\u2019une mani\u00e8re qui ne :<\/p>\n<ul>\n<li>contrevient \u00e0 aucune loi ou r\u00e9glementation applicable<\/li>\n<li>porte atteinte aux droits d\u2019autrui<\/li>\n<li>perturbe le fonctionnement ou la s\u00e9curit\u00e9 du site<\/li>\n<\/ul>\n<p><\/p>\n<h3><strong>2. Propri\u00e9t\u00e9 intellectuelle<\/strong><\/h3>\n<p>Tout le contenu pr\u00e9sent sur ce site web, incluant notamment :<\/p>\n<ul>\n<li>les textes<\/li>\n<li>les \u00e9l\u00e9ments graphiques<\/li>\n<li>les logos<\/li>\n<li>les images<\/li>\n<li>les logiciels<\/li>\n<\/ul>\n<p>est la propri\u00e9t\u00e9 de Quadromed ou de ses conc\u00e9dants de licence et est prot\u00e9g\u00e9 par les lois applicables en mati\u00e8re de propri\u00e9t\u00e9 intellectuelle.<\/p>\n<p>Vous ne pouvez pas copier, reproduire ou distribuer ce contenu sans autorisation \u00e9crite pr\u00e9alable.<\/p>\n<h3><strong>3. Information sur les produits et services<\/strong><\/h3>\n<p>Les informations fournies sur ce site web sont pr\u00e9sent\u00e9es \u00e0 titre informatif uniquement et peuvent \u00eatre modifi\u00e9es sans pr\u00e9avis.<\/p>\n<p>Quadromed ne garantit pas :<\/p>\n<ul>\n<li>l\u2019exhaustivit\u00e9<\/li>\n<li>l\u2019exactitude<\/li>\n<li>la disponibilit\u00e9 des produits ou services<\/li>\n<\/ul>\n<p><\/p>\n<h3><strong>4. Absence de conseils m\u00e9dicaux<\/strong><\/h3>\n<p>Le contenu de ce site est fourni \u00e0 des fins d\u2019information uniquement et ne constitue pas un avis m\u00e9dical. Pour toute d\u00e9cision clinique, veuillez consulter des professionnels de la sant\u00e9 qualifi\u00e9s.<\/p>\n<h3><strong>5. Limitation de responsabilit\u00e9<\/strong><\/h3>\n<p>Dans toute la mesure permise par la loi, Quadromed ne pourra \u00eatre tenue responsable de :<\/p>\n<ul>\n<li>tout dommage direct, indirect, accessoire ou cons\u00e9cutif<\/li>\n<li>toute perte de donn\u00e9es, de profits ou d\u2019opportunit\u00e9s commerciales<\/li>\n<\/ul>\n<p>r\u00e9sultant de l\u2019utilisation ou de l\u2019impossibilit\u00e9 d\u2019utiliser ce site web.<\/p>\n<h3><strong>6. Liens vers des sites tiers<\/strong><\/h3>\n<p>Ce site web peut contenir des liens vers des sites tiers. Quadromed n\u2019est pas responsable du contenu ni des pratiques de ces sites.<\/p>\n<h3><strong>7. Protection des renseignements personnels<\/strong><\/h3>\n<p>Votre utilisation de ce site est \u00e9galement r\u00e9gie par notre Politique de confidentialit\u00e9.<\/p>\n<h3><strong>8. Modifications des Conditions<\/strong><\/h3>\n<p>Nous pouvons modifier les pr\u00e9sentes Conditions \u00e0 tout moment. La poursuite de l\u2019utilisation du site constitue votre acceptation des Conditions mises \u00e0 jour.<\/p>\n<h3><strong>9. Droit applicable<\/strong><\/h3>\n<p>Les pr\u00e9sentes Conditions sont r\u00e9gies par les lois de la province de Qu\u00e9bec, Canada.<\/p>\n\t\t\t\t\t\t\t\t<\/div>\n\t\t\t\t<\/div>\n\t\t\t\t<\/div>\n\t\t\t\t\t<\/div>\n\t\t\t\t<\/div>\n\t\t\t\t<\/div>\n\t\t","protected":false},"excerpt":{"rendered":"<p>Conditions d\u2019utilisation Conditions d\u2019utilisation Les pr\u00e9sentes Conditions d\u2019utilisation (\u00ab Conditions \u00bb) r\u00e9gissent votre utilisation du site web de Quadromed. En acc\u00e9dant \u00e0 ce site ou en l\u2019utilisant, vous acceptez d\u2019\u00eatre li\u00e9 par ces Conditions. 1. Utilisation du site web Vous vous engagez \u00e0 utiliser ce site web uniquement \u00e0 des fins l\u00e9gales et d\u2019une mani\u00e8re [&hellip;]<\/p>\n","protected":false},"author":1,"featured_media":0,"parent":0,"menu_order":0,"comment_status":"closed","ping_status":"closed","template":"elementor_header_footer","meta":{"footnotes":""},"class_list":["post-3984","page","type-page","status-publish","hentry"],"yoast_head":"<!-- This site is optimized with the Yoast SEO plugin v27.4 - https:\/\/yoast.com\/product\/yoast-seo-wordpress\/ -->\n<title>Conditions d\u2019utilisation - Quadromed<\/title>\n<meta name=\"robots\" content=\"index, follow, max-snippet:-1, max-image-preview:large, max-video-preview:-1\" \/>\n<link rel=\"canonical\" href=\"https:\/\/www.quadromed.com\/terms-and-conditions\/\" \/>\n<meta property=\"og:locale\" content=\"fr_FR\" \/>\n<meta property=\"og:type\" content=\"article\" \/>\n<meta property=\"og:title\" content=\"Conditions d\u2019utilisation - Quadromed\" \/>\n<meta property=\"og:description\" content=\"Conditions d\u2019utilisation Conditions d\u2019utilisation Les pr\u00e9sentes Conditions d\u2019utilisation (\u00ab Conditions \u00bb) r\u00e9gissent votre utilisation du site web de Quadromed. En acc\u00e9dant \u00e0 ce site ou en l\u2019utilisant, vous acceptez d\u2019\u00eatre li\u00e9 par ces Conditions. 1. Utilisation du site web Vous vous engagez \u00e0 utiliser ce site web uniquement \u00e0 des fins l\u00e9gales et d\u2019une mani\u00e8re [&hellip;]\" \/>\n<meta property=\"og:url\" content=\"https:\/\/www.quadromed.com\/terms-and-conditions\/\" \/>\n<meta property=\"og:site_name\" content=\"Quadromed\" \/>\n<meta property=\"article:modified_time\" content=\"2026-04-15T20:41:20+00:00\" \/>\n<meta name=\"twitter:card\" content=\"summary_large_image\" \/>\n<meta name=\"twitter:label1\" content=\"Dur\u00e9e de lecture estim\u00e9e\" \/>\n\t<meta name=\"twitter:data1\" content=\"2 minutes\" \/>\n<script type=\"application\/ld+json\" class=\"yoast-schema-graph\">{\"@context\":\"https:\\\/\\\/schema.org\",\"@graph\":[{\"@type\":\"WebPage\",\"@id\":\"https:\\\/\\\/www.quadromed.com\\\/terms-and-conditions\\\/\",\"url\":\"https:\\\/\\\/www.quadromed.com\\\/terms-and-conditions\\\/\",\"name\":\"Conditions d\u2019utilisation - Quadromed\",\"isPartOf\":{\"@id\":\"https:\\\/\\\/www.quadromed.com\\\/#website\"},\"datePublished\":\"2026-04-15T20:29:48+00:00\",\"dateModified\":\"2026-04-15T20:41:20+00:00\",\"breadcrumb\":{\"@id\":\"https:\\\/\\\/www.quadromed.com\\\/terms-and-conditions\\\/#breadcrumb\"},\"inLanguage\":\"fr-FR\",\"potentialAction\":[{\"@type\":\"ReadAction\",\"target\":[\"https:\\\/\\\/www.quadromed.com\\\/terms-and-conditions\\\/\"]}]},{\"@type\":\"BreadcrumbList\",\"@id\":\"https:\\\/\\\/www.quadromed.com\\\/terms-and-conditions\\\/#breadcrumb\",\"itemListElement\":[{\"@type\":\"ListItem\",\"position\":1,\"name\":\"Home\",\"item\":\"https:\\\/\\\/www.quadromed.com\\\/fr\\\/\"},{\"@type\":\"ListItem\",\"position\":2,\"name\":\"Conditions d\u2019utilisation\"}]},{\"@type\":\"WebSite\",\"@id\":\"https:\\\/\\\/www.quadromed.com\\\/#website\",\"url\":\"https:\\\/\\\/www.quadromed.com\\\/\",\"name\":\"Quadromed\",\"description\":\"\",\"potentialAction\":[{\"@type\":\"SearchAction\",\"target\":{\"@type\":\"EntryPoint\",\"urlTemplate\":\"https:\\\/\\\/www.quadromed.com\\\/?s={search_term_string}\"},\"query-input\":{\"@type\":\"PropertyValueSpecification\",\"valueRequired\":true,\"valueName\":\"search_term_string\"}}],\"inLanguage\":\"fr-FR\"}]}<\/script>\n<!-- \/ Yoast SEO plugin. -->","yoast_head_json":{"title":"Conditions d\u2019utilisation - Quadromed","robots":{"index":"index","follow":"follow","max-snippet":"max-snippet:-1","max-image-preview":"max-image-preview:large","max-video-preview":"max-video-preview:-1"},"canonical":"https:\/\/www.quadromed.com\/terms-and-conditions\/","og_locale":"fr_FR","og_type":"article","og_title":"Conditions d\u2019utilisation - Quadromed","og_description":"Conditions d\u2019utilisation Conditions d\u2019utilisation Les pr\u00e9sentes Conditions d\u2019utilisation (\u00ab Conditions \u00bb) r\u00e9gissent votre utilisation du site web de Quadromed. En acc\u00e9dant \u00e0 ce site ou en l\u2019utilisant, vous acceptez d\u2019\u00eatre li\u00e9 par ces Conditions. 1. Utilisation du site web Vous vous engagez \u00e0 utiliser ce site web uniquement \u00e0 des fins l\u00e9gales et d\u2019une mani\u00e8re [&hellip;]","og_url":"https:\/\/www.quadromed.com\/terms-and-conditions\/","og_site_name":"Quadromed","article_modified_time":"2026-04-15T20:41:20+00:00","twitter_card":"summary_large_image","twitter_misc":{"Dur\u00e9e de lecture estim\u00e9e":"2 minutes"},"schema":{"@context":"https:\/\/schema.org","@graph":[{"@type":"WebPage","@id":"https:\/\/www.quadromed.com\/terms-and-conditions\/","url":"https:\/\/www.quadromed.com\/terms-and-conditions\/","name":"Conditions d\u2019utilisation - Quadromed","isPartOf":{"@id":"https:\/\/www.quadromed.com\/#website"},"datePublished":"2026-04-15T20:29:48+00:00","dateModified":"2026-04-15T20:41:20+00:00","breadcrumb":{"@id":"https:\/\/www.quadromed.com\/terms-and-conditions\/#breadcrumb"},"inLanguage":"fr-FR","potentialAction":[{"@type":"ReadAction","target":["https:\/\/www.quadromed.com\/terms-and-conditions\/"]}]},{"@type":"BreadcrumbList","@id":"https:\/\/www.quadromed.com\/terms-and-conditions\/#breadcrumb","itemListElement":[{"@type":"ListItem","position":1,"name":"Home","item":"https:\/\/www.quadromed.com\/fr\/"},{"@type":"ListItem","position":2,"name":"Conditions d\u2019utilisation"}]},{"@type":"WebSite","@id":"https:\/\/www.quadromed.com\/#website","url":"https:\/\/www.quadromed.com\/","name":"Quadromed","description":"","potentialAction":[{"@type":"SearchAction","target":{"@type":"EntryPoint","urlTemplate":"https:\/\/www.quadromed.com\/?s={search_term_string}"},"query-input":{"@type":"PropertyValueSpecification","valueRequired":true,"valueName":"search_term_string"}}],"inLanguage":"fr-FR"}]}},"_links":{"self":[{"href":"https:\/\/www.quadromed.com\/fr\/wp-json\/wp\/v2\/pages\/3984","targetHints":{"allow":["GET"]}}],"collection":[{"href":"https:\/\/www.quadromed.com\/fr\/wp-json\/wp\/v2\/pages"}],"about":[{"href":"https:\/\/www.quadromed.com\/fr\/wp-json\/wp\/v2\/types\/page"}],"author":[{"embeddable":true,"href":"https:\/\/www.quadromed.com\/fr\/wp-json\/wp\/v2\/users\/1"}],"replies":[{"embeddable":true,"href":"https:\/\/www.quadromed.com\/fr\/wp-json\/wp\/v2\/comments?post=3984"}],"version-history":[{"count":1,"href":"https:\/\/www.quadromed.com\/fr\/wp-json\/wp\/v2\/pages\/3984\/revisions"}],"predecessor-version":[{"id":3985,"href":"https:\/\/www.quadromed.com\/fr\/wp-json\/wp\/v2\/pages\/3984\/revisions\/3985"}],"wp:attachment":[{"href":"https:\/\/www.quadromed.com\/fr\/wp-json\/wp\/v2\/media?parent=3984"}],"curies":[{"name":"wp","href":"https:\/\/api.w.org\/{rel}","templated":true}]}}